{"id":3890,"date":"2021-04-01T17:19:22","date_gmt":"2021-04-01T15:19:22","guid":{"rendered":"https:\/\/www.mmr-media.de\/out-of-home\/?page_id=3890"},"modified":"2022-11-15T23:59:50","modified_gmt":"2022-11-15T22:59:50","slug":"impressum","status":"publish","type":"page","link":"https:\/\/www.mmr-media.de\/out-of-home\/impressum\/","title":{"rendered":"Impressum"},"content":{"rendered":"<p>[vc_row el_class=&#8220;subpage-projekt mmr-fullpage job-subpage page-team&#8220; el_id=&#8220;project-subpage&#8220;][vc_column]<style scoped><\/style><div  class=\"home_section_1 scroll_section mml-100 mmr-fullpage\"  data-bg-color=\"#5b1521\" style='' data-scroll=\"overflow\"><div class=\"section_inner_1\" style=\"height:100%;\"><div class=\"container\"><div class=\"row\">[vc_raw_html]JTNDZGl2JTIwY2xhc3MlM0QlMjJzbGlkZS1uYXYlMjIlM0UlMEElM0NhJTIwaHJlZiUzRCUyMiUyRm91dC1vZi1ob21lJTJGJTIyJTIwc3R5bGUlM0QlMjJ0ZXh0LWFsaWduJTNBJTIwbGVmdCUzQiUyMiUzRSUwQSUzQ2klMjBjbGFzcyUzRCUyMmZhJTIwZmEtYW5nbGUtbGVmdCUyMiUzRSUzQyUyRmklM0UlMEElM0MlMkZhJTNFJTBBJTNDJTJGZGl2JTNF[\/vc_raw_html][vc_column_text el_class=&#8220;mmr-white ml-100 big&#8220; css=&#8220;.vc_custom_1617290390716{margin-top: 100px !important;}&#8220;]<\/p>\n<h1 style=\"text-align: left;\">Impressum<\/h1>\n<p>[\/vc_column_text][vc_row_inner el_class=&#8220;job-description ml-100 mmr-white legal_text_wrap&#8220; css=&#8220;.vc_custom_1624814622694{margin-top: 20px !important;margin-bottom: 50px !important;}&#8220;][vc_column_inner css=&#8220;.vc_custom_1618477677083{padding-left: 10px !important;}&#8220;][vc_column_text]ANGABEN GEM\u00c4SS \u00a7 5 TMG:<\/p>\n<p><strong>MMR Media GmbH<\/strong><br \/>\nZollstockg\u00fcrtel 65 \/ Haus 5<br \/>\n50969 K\u00f6ln<\/p>\n<p>HRB 87527<br \/>\nUSt-IdNr.: DE306206463<\/p>\n<p>Vertreten durch<br \/>\n<strong>Raphael Koll<\/strong><\/p>\n<p>Kontakt:<\/p>\n<p>Telefon: <a href=\"tel:022158922225\">+49 221 &#8211; 589 222 25<\/a><br \/>\nTelefax: <a href=\"tel:022158922227\">+49 221 &#8211; 589 222 27<\/a><br \/>\nE-Mail: <a href=\"mailto:info@mmr-media.de\">info@mmr-media.de<\/a><\/p>\n<h2 style=\"margin-bottom: 20px;\">Disclaimer \u2013 rechtliche Hinweise<\/h2>\n<h2 style=\"margin-bottom: 20px;\">1. Haftungsbeschr\u00e4nkung<\/h2>\n<p>Die Inhalte des Internetauftritts wurden mit gr\u00f6\u00dftm\u00f6glicher Sorgfalt und nach bestem Gewissen erstellt. Dennoch \u00fcbernimmt der Anbieter dieser Webseite keine Gew\u00e4hr f\u00fcr die Aktualit\u00e4t, Vollst\u00e4ndigkeit und Richtigkeit der bereitgestellten Seiten und Inhalte.<\/p>\n<p>Als Diensteanbieter ist der Anbieter dieser Webseite gem\u00e4\u00df \u00a7 7 Abs. 1 TMG f\u00fcr eigene Inhalte und bereitgestellte Informationen auf diesen Seiten nach den allgemeinen Gesetzen verantwortlich; nach den \u00a7\u00a7 8 bis 10 TMG jedoch nicht verpflichtet, die \u00fcbermittelten oder gespeicherten fremden Informationen zu \u00fcberwachen. Eine Entfernung oder Sperrung dieser Inhalte erfolgt umgehend ab dem Zeitpunkt der Kenntnis einer konkreten Rechtsverletzung. Eine Haftung ist erst ab dem Zeitpunkt der Kenntniserlangung m\u00f6glich.<\/p>\n<h2 style=\"margin-bottom: 20px;\">2. Externe Links<\/h2>\n<p>Die Webseite enth\u00e4lt sog. \u201eexterne Links\u201c (Verlinkungen) zu anderen Webseiten, auf deren Inhalt der Anbieter der Webseite keinen Einfluss hat. Aus diesem Grund kann der Anbieter f\u00fcr diese Inhalte auch keine Gew\u00e4hr \u00fcbernehmen.<\/p>\n<p>F\u00fcr die Inhalte und Richtigkeit der bereitgestellten Informationen ist der jeweilige Anbieter der verlinkten Webseite verantwortlich. Zum Zeitpunkt der Verlinkung waren keine Rechtsverst\u00f6\u00dfe erkennbar. Bei Bekanntwerden einer solchen Rechtsverletzung wird der Link umgehend entfernen.<\/p>\n<h2 style=\"margin-bottom: 20px;\">3. Urheberrecht\/Leistungsschutzrecht<\/h2>\n<p>Die auf dieser Webseite ver\u00f6ffentlichten Inhalte, Werke und bereitgestellten Informationen unterliegen dem deutschen Urheberrecht und Leistungsschutzrecht. Jede Art der Vervielf\u00e4ltigung, Bearbeitung, Verbreitung, Einspeicherung und jede Art der Verwertung au\u00dferhalb der Grenzen des Urheberrechts bedarf der vorherigen schriftlichen Zustimmung des jeweiligen Rechteinhabers. Das unerlaubte Kopieren\/Speichern der bereitgestellten Informationen auf diesen Webseiten ist nicht gestattet und strafbar.<\/p>\n<h2 style=\"margin-bottom: 20px;\">4. Kontaktdaten<\/h2>\n<p>Der Verwendung der Kontaktdaten durch Dritte zur gewerblichen Nutzung wird ausdr\u00fccklich widersprochen. Es sei denn, der Anbieter hat zuvor seine schriftliche Einwilligung erteilt.<\/p>\n<p>Der Anbieter beh\u00e4lt sich rechtliche Schritte f\u00fcr den Fall der unverlangten Zusendung von Werbeinformationen, z. B. durch Spam-Mails, vor.[\/vc_column_text][\/vc_column_inner][\/vc_row_inner]<\/div><\/div><\/div><\/div>[\/vc_column][\/vc_row]<\/p>\n","protected":false},"excerpt":{"rendered":"<p>[vc_row el_class=&#8220;subpage-projekt mmr-fullpage job-subpage page-team&#8220; el_id=&#8220;project-subpage&#8220;][vc_column][\/vc_column][\/vc_row]<\/p>\n","protected":false},"author":1,"featured_media":0,"parent":0,"menu_order":0,"comment_status":"closed","ping_status":"closed","template":"subpages-template.php","meta":{"_vp_format_video_url":"","_vp_image_focal_point":[]},"yoast_head":"<!-- This site is optimized with the Yoast SEO plugin v19.12 - https:\/\/yoast.com\/wordpress\/plugins\/seo\/ -->\n<title>Impressum - MMR Out of Home<\/title>\n<meta name=\"robots\" content=\"index, follow, max-snippet:-1, max-image-preview:large, max-video-preview:-1\" \/>\n<link rel=\"canonical\" href=\"https:\/\/www.mmr-media.de\/out-of-home\/impressum\/\" \/>\n<meta property=\"og:locale\" content=\"de_DE\" \/>\n<meta property=\"og:type\" content=\"article\" \/>\n<meta property=\"og:title\" content=\"Impressum - MMR Out of Home\" \/>\n<meta property=\"og:description\" content=\"[vc_row el_class=&#8220;subpage-projekt mmr-fullpage job-subpage page-team&#8220; el_id=&#8220;project-subpage&#8220;][vc_column][\/vc_column][\/vc_row]\" \/>\n<meta property=\"og:url\" content=\"https:\/\/www.mmr-media.de\/out-of-home\/impressum\/\" \/>\n<meta property=\"og:site_name\" content=\"MMR Out of Home\" \/>\n<meta property=\"article:modified_time\" content=\"2022-11-15T22:59:50+00:00\" \/>\n<meta name=\"twitter:card\" content=\"summary_large_image\" \/>\n<meta name=\"twitter:label1\" content=\"Gesch\u00e4tzte Lesezeit\" \/>\n\t<meta name=\"twitter:data1\" content=\"2\u00a0Minuten\" \/>\n<script type=\"application\/ld+json\" class=\"yoast-schema-graph\">{\"@context\":\"https:\/\/schema.org\",\"@graph\":[{\"@type\":\"WebPage\",\"@id\":\"https:\/\/www.mmr-media.de\/out-of-home\/impressum\/\",\"url\":\"https:\/\/www.mmr-media.de\/out-of-home\/impressum\/\",\"name\":\"Impressum - MMR Out of Home\",\"isPartOf\":{\"@id\":\"https:\/\/www.mmr-media.de\/out-of-home\/#website\"},\"datePublished\":\"2021-04-01T15:19:22+00:00\",\"dateModified\":\"2022-11-15T22:59:50+00:00\",\"breadcrumb\":{\"@id\":\"https:\/\/www.mmr-media.de\/out-of-home\/impressum\/#breadcrumb\"},\"inLanguage\":\"de\",\"potentialAction\":[{\"@type\":\"ReadAction\",\"target\":[\"https:\/\/www.mmr-media.de\/out-of-home\/impressum\/\"]}]},{\"@type\":\"BreadcrumbList\",\"@id\":\"https:\/\/www.mmr-media.de\/out-of-home\/impressum\/#breadcrumb\",\"itemListElement\":[{\"@type\":\"ListItem\",\"position\":1,\"name\":\"Startseite\",\"item\":\"https:\/\/www.mmr-media.de\/out-of-home\/\"},{\"@type\":\"ListItem\",\"position\":2,\"name\":\"Impressum\"}]},{\"@type\":\"WebSite\",\"@id\":\"https:\/\/www.mmr-media.de\/out-of-home\/#website\",\"url\":\"https:\/\/www.mmr-media.de\/out-of-home\/\",\"name\":\"MMR Out of Home\",\"description\":\"Agentur f\u00fcr Sonderwerbeformen, Sponsoring, Game-Promotion, OnPack Promotion und Couponing\",\"potentialAction\":[{\"@type\":\"SearchAction\",\"target\":{\"@type\":\"EntryPoint\",\"urlTemplate\":\"https:\/\/www.mmr-media.de\/out-of-home\/?s={search_term_string}\"},\"query-input\":\"required name=search_term_string\"}],\"inLanguage\":\"de\"}]}<\/script>\n<!-- \/ Yoast SEO plugin. -->","yoast_head_json":{"title":"Impressum - MMR Out of Home","robots":{"index":"index","follow":"follow","max-snippet":"max-snippet:-1","max-image-preview":"max-image-preview:large","max-video-preview":"max-video-preview:-1"},"canonical":"https:\/\/www.mmr-media.de\/out-of-home\/impressum\/","og_locale":"de_DE","og_type":"article","og_title":"Impressum - MMR Out of Home","og_description":"[vc_row el_class=&#8220;subpage-projekt mmr-fullpage job-subpage page-team&#8220; el_id=&#8220;project-subpage&#8220;][vc_column][\/vc_column][\/vc_row]","og_url":"https:\/\/www.mmr-media.de\/out-of-home\/impressum\/","og_site_name":"MMR Out of Home","article_modified_time":"2022-11-15T22:59:50+00:00","twitter_card":"summary_large_image","twitter_misc":{"Gesch\u00e4tzte Lesezeit":"2\u00a0Minuten"},"schema":{"@context":"https:\/\/schema.org","@graph":[{"@type":"WebPage","@id":"https:\/\/www.mmr-media.de\/out-of-home\/impressum\/","url":"https:\/\/www.mmr-media.de\/out-of-home\/impressum\/","name":"Impressum - MMR Out of Home","isPartOf":{"@id":"https:\/\/www.mmr-media.de\/out-of-home\/#website"},"datePublished":"2021-04-01T15:19:22+00:00","dateModified":"2022-11-15T22:59:50+00:00","breadcrumb":{"@id":"https:\/\/www.mmr-media.de\/out-of-home\/impressum\/#breadcrumb"},"inLanguage":"de","potentialAction":[{"@type":"ReadAction","target":["https:\/\/www.mmr-media.de\/out-of-home\/impressum\/"]}]},{"@type":"BreadcrumbList","@id":"https:\/\/www.mmr-media.de\/out-of-home\/impressum\/#breadcrumb","itemListElement":[{"@type":"ListItem","position":1,"name":"Startseite","item":"https:\/\/www.mmr-media.de\/out-of-home\/"},{"@type":"ListItem","position":2,"name":"Impressum"}]},{"@type":"WebSite","@id":"https:\/\/www.mmr-media.de\/out-of-home\/#website","url":"https:\/\/www.mmr-media.de\/out-of-home\/","name":"MMR Out of Home","description":"Agentur f\u00fcr Sonderwerbeformen, Sponsoring, Game-Promotion, OnPack Promotion und Couponing","potentialAction":[{"@type":"SearchAction","target":{"@type":"EntryPoint","urlTemplate":"https:\/\/www.mmr-media.de\/out-of-home\/?s={search_term_string}"},"query-input":"required name=search_term_string"}],"inLanguage":"de"}]}},"_links":{"self":[{"href":"https:\/\/www.mmr-media.de\/out-of-home\/wp-json\/wp\/v2\/pages\/3890"}],"collection":[{"href":"https:\/\/www.mmr-media.de\/out-of-home\/wp-json\/wp\/v2\/pages"}],"about":[{"href":"https:\/\/www.mmr-media.de\/out-of-home\/wp-json\/wp\/v2\/types\/page"}],"author":[{"embeddable":true,"href":"https:\/\/www.mmr-media.de\/out-of-home\/wp-json\/wp\/v2\/users\/1"}],"replies":[{"embeddable":true,"href":"https:\/\/www.mmr-media.de\/out-of-home\/wp-json\/wp\/v2\/comments?post=3890"}],"version-history":[{"count":0,"href":"https:\/\/www.mmr-media.de\/out-of-home\/wp-json\/wp\/v2\/pages\/3890\/revisions"}],"wp:attachment":[{"href":"https:\/\/www.mmr-media.de\/out-of-home\/wp-json\/wp\/v2\/media?parent=3890"}],"curies":[{"name":"wp","href":"https:\/\/api.w.org\/{rel}","templated":true}]}}