{"id":4788,"date":"2024-09-18T14:07:23","date_gmt":"2024-09-18T12:07:23","guid":{"rendered":"https:\/\/www.mmr-media.de\/media\/?page_id=4788"},"modified":"2024-09-19T14:15:29","modified_gmt":"2024-09-19T12:15:29","slug":"key-account-manager","status":"publish","type":"page","link":"https:\/\/www.mmr-media.de\/media\/jobs\/key-account-manager\/","title":{"rendered":"Key Account Manager (m\/w\/div.)"},"content":{"rendered":"<p>[vc_row el_class=&#8220;subpage-projekt mmr-fullpage job-subpage page-team&#8220; el_id=&#8220;project-subpage&#8220;][vc_column]<style scoped><\/style><div  class=\"home_section_1 scroll_section mml-100 mmr-fullpage\"  data-bg-color=\"#2a4f83\" style='' data-scroll=\"overflow\"><div class=\"section_inner_1\" style=\"height:100%;\"><div class=\"container\"><div class=\"row\">[vc_raw_html]JTNDZGl2JTIwY2xhc3MlM0QlMjJzbGlkZS1uYXYlMjIlM0UlMEElM0NhJTIwaHJlZiUzRCUyMiUyRm1lZGlhJTJGam9icyUyRiUyMiUzRSUzQ2klMjBjbGFzcyUzRCUyMmZhJTIwZmEtYW5nbGUtbGVmdCUyMiUzRSUzQyUyRmklM0UlM0MlMkZhJTNFJTBBJTNDJTJGZGl2JTNF[\/vc_raw_html][vc_column_text el_class=&#8220;mmr-white ml-100 big&#8220; css=&#8220;.vc_custom_1617196129601{margin-top: 100px !important;}&#8220;]<\/p>\n<h1 style=\"text-align: left;\">JOBS.<\/h1>\n<p>[\/vc_column_text][vc_row_inner el_class=&#8220;job-description ml-100 mmr-white&#8220; css=&#8220;.vc_custom_1617212210298{margin-top: 20px !important;margin-bottom: 50px !important;}&#8220;][vc_column_inner width=&#8220;1\/2&#8243; css=&#8220;.vc_custom_1618475664708{padding-right: 20px !important;}&#8220; el_id=&#8220;jobs_toggle_wrapper&#8220;][vc_column_text]Wir suchen f\u00fcr unser B\u00fcro ab sofort mehrere<\/p>\n<h2>KEY ACCOUNT MANAGER (m\/w\/div.)<\/h2>\n<div class=\"page\" title=\"Page 1\">\n<div class=\"section\">\n<div class=\"layoutArea\">\n<div class=\"column\">\n<p>Was wir machen?<br \/>\n\u25b8 DOOH 2.0 Die weltweite Revolution im Bereich digital out of home Werbung!<\/p>\n<p>Partner wie Disney, Intel, Axel Springer, BMW, Daimler, MCDonalds, Playboy, Cosmopolitan, Eurowings vertrauen uns seit vielen Jahren, also tu Du es auch!<\/p>\n<\/div>\n<\/div>\n<\/div>\n<\/div>\n<p>[\/vc_column_text][vc_toggle title=&#8220;DEINE AUFGABEN&#8220; style=&#8220;arrow&#8220; size=&#8220;lg&#8220; el_class=&#8220;job-explanation&#8220; el_id=&#8220;jobs-aufgaben&#8220; css=&#8220;.vc_custom_1726746016900{margin-top: 30px !important;}&#8220;]<\/p>\n<ul>\n<li>Telefonische Ansprache attraktiver Neukunden aus der DACH Region<\/li>\n<li>Vertrieb eines exklusiven DOOH Produktes das es so in Europa noch nicht gibt!<\/li>\n<li>Betreuung &amp; Ausbau von Agenturkontakten<\/li>\n<li>Erarbeitung von individuellen Produktl\u00f6sungen f\u00fcr den Kunden<\/li>\n<li>Verhandlung des Lizenzvertrages mit dem Kunden bis hin zur Unterschrift<\/li>\n<li>Eingenverantwortlicher Aufbau eines eigenen Kundenstammes<\/li>\n<li>Bestandskundenpflege und Ausbau<\/li>\n<\/ul>\n<p>[\/vc_toggle][vc_toggle title=&#8220;VORAUSSETZUNGEN&#8220; style=&#8220;arrow&#8220; size=&#8220;lg&#8220; el_class=&#8220;job-explanation&#8220; el_id=&#8220;jobs-profil&#8220;]<\/p>\n<div class=\"page\" title=\"Page 1\">\n<div class=\"section\">\n<div class=\"layoutArea\">\n<div class=\"column\">\n<div class=\"page\" title=\"Page 1\">\n<div class=\"layoutArea\">\n<div class=\"column\">\n<ul>\n<li>Erfahrung in der Telefonaquise<\/li>\n<li>sehr gute rethorische Fa\u0308higkeiten<\/li>\n<li>3-5 Jahre sales-relevante Berufserfahrung im Bereich Marketing<\/li>\n<li>sicherer Umgang mit Mac und Microsoft365<\/li>\n<li>strukturierte Arbeitsweise<\/li>\n<li>Deutsch auf Muttersprachenniveau<\/li>\n<\/ul>\n<\/div>\n<\/div>\n<\/div>\n<\/div>\n<\/div>\n<\/div>\n<\/div>\n<p>[\/vc_toggle][vc_toggle title=&#8220;WIR BIETEN&#8220; style=&#8220;arrow&#8220; size=&#8220;lg&#8220; el_class=&#8220;job-explanation&#8220; css=&#8220;.vc_custom_1726746062372{background-color: #ffffff !important;}&#8220; el_id=&#8220;jobs-offer&#8220;]<\/p>\n<ul>\n<li style=\"list-style-type: none;\">\n<ul>\n<li>Oberklasse Firmenwagen samt Tankkarte auch zur privaten Nutzung nach der Probezeit<\/li>\n<li>\u00dcberdurchschnittlich hohes Gehalt<\/li>\n<li>Ungedeckelte Provisionen \u201eSky is the limit\u201c<\/li>\n<li>HomeOffice M\u00f6glichkeiten<\/li>\n<li>Repr\u00e4sentatives Loft B\u00fcro in der K\u00f6lner City<\/li>\n<li>Apple Arbeitsaustattung (iMac, iPhone, iPad)<\/li>\n<li>Lockere Arbeitsatmosph\u00e4re<\/li>\n<li>Gemeinsame Team Abende<\/li>\n<\/ul>\n<\/li>\n<\/ul>\n<p>[\/vc_toggle][\/vc_column_inner][vc_column_inner el_class=&#8220;job_text_content_wrapper&#8220; width=&#8220;1\/2&#8243; css=&#8220;.vc_custom_1624808899309{padding-left: 20px !important;}&#8220;][vc_column_text css=&#8220;.vc_custom_1618403582758{margin-bottom: 20px !important;}&#8220;]<\/p>\n<h2 class=\"big-description\">\u00dcBER UNS<\/h2>\n<p>[\/vc_column_text][vc_column_text]Digital Out of Home Werbung, einzigartig, mobil, programmatisch und nur dann sichtbar, wenn sie ben\u00f6tigt wird?<\/p>\n<p>Genau das bietet Dir DOOHVOLUTION das exklusive DOOH Medium von screenery und MMR Media. Wir verwandeln Fahrzeugscheiben der SHARE NOW Carsharing Flotte in digitale Displays und schaffen somit einen v\u00f6llig neuen DOOH Werbekanal im urbanen Raum.<\/p>\n<p>Mit diesem innovativen Ansatz sind wir einzigartig in Europa und agieren als exklusiver Vermarkter dieses Mediums.[\/vc_column_text][vc_column_text css=&#8220;.vc_custom_1618403599200{margin-top: 20px !important;margin-bottom: 20px !important;}&#8220; el_class=&#8220;apply&#8220;]<\/p>\n<h2 class=\"big-description\">INTERESSIERT?<\/h2>\n<p>[\/vc_column_text][vc_column_text css=&#8220;.vc_custom_1618403502394{margin-top: 20px !important;}&#8220; el_class=&#8220;apply&#8220;]Wir freuen uns auf Deine Bewerbung unter Angabe Deines fr\u00fchestm\u00f6glichen Eintrittsdatums und Deiner Gehaltsvorstellung, am liebsten per E-Mail an <a href=\"mailto:bewerbung@mmr-media.de\">bewerbung@mmr-media.de<\/a>[\/vc_column_text][vc_column_text css=&#8220;.vc_custom_1726745980628{margin-top: 20px !important;}&#8220; el_class=&#8220;apply&#8220;]<\/p>\n<p class=\"pdf_stellenanzeige_wrapper\"><i class=\"fa fa-file-pdf-o\" aria-hidden=\"true\"><\/i>\u00a0 <a style=\"text-decoration: underline;\" href=\"\/media\/wp-content\/uploads\/2024\/09\/240919_MMR-Media_Stellenanzeige_KeyAcccountManager.pdf\" target=\"_blank\" rel=\"noopener\">Stellenanzeige<\/a><\/p>\n<p>[\/vc_column_text][vc_btn title=&#8220;Jetzt bewerben&#8220; style=&#8220;custom&#8220; custom_background=&#8220;#ffffff&#8220; custom_text=&#8220;#2a4f83&#8243; shape=&#8220;square&#8220; css=&#8220;.vc_custom_1610727235137{margin-top: 20px !important;}&#8220; el_class=&#8220;job-btn&#8220; link=&#8220;url:mailto%3Abewerbung%40mmr-media.de|||&#8220;][\/vc_column_inner][\/vc_row_inner]<\/div><\/div><\/div><\/div>[\/vc_column][\/vc_row][vc_row][vc_column][vc_column_text]<\/p>\n<p>[\/vc_column_text][\/vc_column][\/vc_row]<\/p>\n","protected":false},"excerpt":{"rendered":"<p>[vc_row el_class=&#8220;subpage-projekt mmr-fullpage job-subpage page-team&#8220; el_id=&#8220;project-subpage&#8220;][vc_column][\/vc_column][\/vc_row][vc_row][vc_column][vc_column_text] [\/vc_column_text][\/vc_column][\/vc_row]<\/p>\n","protected":false},"author":1,"featured_media":0,"parent":3438,"menu_order":0,"comment_status":"closed","ping_status":"closed","template":"subpages-template.php","meta":{"_vp_format_video_url":"","_vp_image_focal_point":[],"footnotes":""},"class_list":["post-4788","page","type-page","status-publish","hentry"],"yoast_head":"<!-- This site is optimized with the Yoast SEO plugin v24.2 - https:\/\/yoast.com\/wordpress\/plugins\/seo\/ -->\n<title>Key Account Manager (m\/w\/div.) - MMR Media<\/title>\n<meta name=\"robots\" content=\"index, follow, max-snippet:-1, max-image-preview:large, max-video-preview:-1\" \/>\n<link rel=\"canonical\" href=\"https:\/\/www.mmr-media.de\/media\/jobs\/key-account-manager\/\" \/>\n<meta property=\"og:locale\" content=\"de_DE\" \/>\n<meta property=\"og:type\" content=\"article\" \/>\n<meta property=\"og:title\" content=\"Key Account Manager (m\/w\/div.) - MMR Media\" \/>\n<meta property=\"og:description\" content=\"[vc_row el_class=&#8220;subpage-projekt mmr-fullpage job-subpage page-team&#8220; el_id=&#8220;project-subpage&#8220;][vc_column][\/vc_column][\/vc_row][vc_row][vc_column][vc_column_text] [\/vc_column_text][\/vc_column][\/vc_row]\" \/>\n<meta property=\"og:url\" content=\"https:\/\/www.mmr-media.de\/media\/jobs\/key-account-manager\/\" \/>\n<meta property=\"og:site_name\" content=\"MMR Media\" \/>\n<meta property=\"article:modified_time\" content=\"2024-09-19T12:15:29+00:00\" \/>\n<meta name=\"twitter:card\" content=\"summary_large_image\" \/>\n<meta name=\"twitter:label1\" content=\"Gesch\u00e4tzte Lesezeit\" \/>\n\t<meta name=\"twitter:data1\" content=\"3\u00a0Minuten\" \/>\n<script type=\"application\/ld+json\" class=\"yoast-schema-graph\">{\"@context\":\"https:\/\/schema.org\",\"@graph\":[{\"@type\":\"WebPage\",\"@id\":\"https:\/\/www.mmr-media.de\/media\/jobs\/key-account-manager\/\",\"url\":\"https:\/\/www.mmr-media.de\/media\/jobs\/key-account-manager\/\",\"name\":\"Key Account Manager (m\/w\/div.) - MMR Media\",\"isPartOf\":{\"@id\":\"https:\/\/www.mmr-media.de\/media\/#website\"},\"datePublished\":\"2024-09-18T12:07:23+00:00\",\"dateModified\":\"2024-09-19T12:15:29+00:00\",\"breadcrumb\":{\"@id\":\"https:\/\/www.mmr-media.de\/media\/jobs\/key-account-manager\/#breadcrumb\"},\"inLanguage\":\"de\",\"potentialAction\":[{\"@type\":\"ReadAction\",\"target\":[\"https:\/\/www.mmr-media.de\/media\/jobs\/key-account-manager\/\"]}]},{\"@type\":\"BreadcrumbList\",\"@id\":\"https:\/\/www.mmr-media.de\/media\/jobs\/key-account-manager\/#breadcrumb\",\"itemListElement\":[{\"@type\":\"ListItem\",\"position\":1,\"name\":\"Startseite\",\"item\":\"https:\/\/www.mmr-media.de\/media\/\"},{\"@type\":\"ListItem\",\"position\":2,\"name\":\"Jobs\",\"item\":\"https:\/\/www.mmr-media.de\/media\/jobs\/\"},{\"@type\":\"ListItem\",\"position\":3,\"name\":\"Key Account Manager (m\/w\/div.)\"}]},{\"@type\":\"WebSite\",\"@id\":\"https:\/\/www.mmr-media.de\/media\/#website\",\"url\":\"https:\/\/www.mmr-media.de\/media\/\",\"name\":\"MMR Media\",\"description\":\"Agentur f\u00fcr Sonderwerbeformen, Sponsoring, Game-Promotion, OnPack Promotion und Couponing\",\"potentialAction\":[{\"@type\":\"SearchAction\",\"target\":{\"@type\":\"EntryPoint\",\"urlTemplate\":\"https:\/\/www.mmr-media.de\/media\/?s={search_term_string}\"},\"query-input\":{\"@type\":\"PropertyValueSpecification\",\"valueRequired\":true,\"valueName\":\"search_term_string\"}}],\"inLanguage\":\"de\"}]}<\/script>\n<!-- \/ Yoast SEO plugin. -->","yoast_head_json":{"title":"Key Account Manager (m\/w\/div.) - MMR Media","robots":{"index":"index","follow":"follow","max-snippet":"max-snippet:-1","max-image-preview":"max-image-preview:large","max-video-preview":"max-video-preview:-1"},"canonical":"https:\/\/www.mmr-media.de\/media\/jobs\/key-account-manager\/","og_locale":"de_DE","og_type":"article","og_title":"Key Account Manager (m\/w\/div.) - MMR Media","og_description":"[vc_row el_class=&#8220;subpage-projekt mmr-fullpage job-subpage page-team&#8220; el_id=&#8220;project-subpage&#8220;][vc_column][\/vc_column][\/vc_row][vc_row][vc_column][vc_column_text] [\/vc_column_text][\/vc_column][\/vc_row]","og_url":"https:\/\/www.mmr-media.de\/media\/jobs\/key-account-manager\/","og_site_name":"MMR Media","article_modified_time":"2024-09-19T12:15:29+00:00","twitter_card":"summary_large_image","twitter_misc":{"Gesch\u00e4tzte Lesezeit":"3\u00a0Minuten"},"schema":{"@context":"https:\/\/schema.org","@graph":[{"@type":"WebPage","@id":"https:\/\/www.mmr-media.de\/media\/jobs\/key-account-manager\/","url":"https:\/\/www.mmr-media.de\/media\/jobs\/key-account-manager\/","name":"Key Account Manager (m\/w\/div.) - MMR Media","isPartOf":{"@id":"https:\/\/www.mmr-media.de\/media\/#website"},"datePublished":"2024-09-18T12:07:23+00:00","dateModified":"2024-09-19T12:15:29+00:00","breadcrumb":{"@id":"https:\/\/www.mmr-media.de\/media\/jobs\/key-account-manager\/#breadcrumb"},"inLanguage":"de","potentialAction":[{"@type":"ReadAction","target":["https:\/\/www.mmr-media.de\/media\/jobs\/key-account-manager\/"]}]},{"@type":"BreadcrumbList","@id":"https:\/\/www.mmr-media.de\/media\/jobs\/key-account-manager\/#breadcrumb","itemListElement":[{"@type":"ListItem","position":1,"name":"Startseite","item":"https:\/\/www.mmr-media.de\/media\/"},{"@type":"ListItem","position":2,"name":"Jobs","item":"https:\/\/www.mmr-media.de\/media\/jobs\/"},{"@type":"ListItem","position":3,"name":"Key Account Manager (m\/w\/div.)"}]},{"@type":"WebSite","@id":"https:\/\/www.mmr-media.de\/media\/#website","url":"https:\/\/www.mmr-media.de\/media\/","name":"MMR Media","description":"Agentur f\u00fcr Sonderwerbeformen, Sponsoring, Game-Promotion, OnPack Promotion und Couponing","potentialAction":[{"@type":"SearchAction","target":{"@type":"EntryPoint","urlTemplate":"https:\/\/www.mmr-media.de\/media\/?s={search_term_string}"},"query-input":{"@type":"PropertyValueSpecification","valueRequired":true,"valueName":"search_term_string"}}],"inLanguage":"de"}]}},"_links":{"self":[{"href":"https:\/\/www.mmr-media.de\/media\/wp-json\/wp\/v2\/pages\/4788","targetHints":{"allow":["GET"]}}],"collection":[{"href":"https:\/\/www.mmr-media.de\/media\/wp-json\/wp\/v2\/pages"}],"about":[{"href":"https:\/\/www.mmr-media.de\/media\/wp-json\/wp\/v2\/types\/page"}],"author":[{"embeddable":true,"href":"https:\/\/www.mmr-media.de\/media\/wp-json\/wp\/v2\/users\/1"}],"replies":[{"embeddable":true,"href":"https:\/\/www.mmr-media.de\/media\/wp-json\/wp\/v2\/comments?post=4788"}],"version-history":[{"count":11,"href":"https:\/\/www.mmr-media.de\/media\/wp-json\/wp\/v2\/pages\/4788\/revisions"}],"predecessor-version":[{"id":4832,"href":"https:\/\/www.mmr-media.de\/media\/wp-json\/wp\/v2\/pages\/4788\/revisions\/4832"}],"up":[{"embeddable":true,"href":"https:\/\/www.mmr-media.de\/media\/wp-json\/wp\/v2\/pages\/3438"}],"wp:attachment":[{"href":"https:\/\/www.mmr-media.de\/media\/wp-json\/wp\/v2\/media?parent=4788"}],"curies":[{"name":"wp","href":"https:\/\/api.w.org\/{rel}","templated":true}]}}