{"id":3995,"date":"2021-04-15T12:42:35","date_gmt":"2021-04-15T10:42:35","guid":{"rendered":"https:\/\/www.mmr-media.de\/media\/?page_id=3995"},"modified":"2022-11-16T00:19:45","modified_gmt":"2022-11-15T23:19:45","slug":"saint-albray","status":"publish","type":"page","link":"https:\/\/www.mmr-media.de\/media\/projekte\/saint-albray\/","title":{"rendered":"Saint Albray"},"content":{"rendered":"<p>[vc_row el_class=&#8220;subpage-projekt mmr-fullpage&#8220; el_id=&#8220;project-subpage&#8220;][vc_column]<style scoped><\/style><div  class=\"home_section_1 scroll_section mml-100 mmr-fullpage\"  data-bg-color=\"#2a4f83\" style='' data-scroll=\"overflow\"><div class=\"section_inner_1\" style=\"height:100%;\"><div class=\"container\"><div class=\"row\">[vc_raw_html]JTNDZGl2JTIwY2xhc3MlM0QlMjJzbGlkZS1uYXYlMjIlM0UlMEElM0NhJTIwaHJlZiUzRCUyMiUyRm1lZGlhJTJGcHJvamVrdGUlMkYlMjIlMjBzdHlsZSUzRCUyMnRleHQtYWxpZ24lM0ElMjBsZWZ0JTNCJTIyJTNFJTBBJTNDaSUyMGNsYXNzJTNEJTIyZmElMjBmYS1hbmdsZS1sZWZ0JTIyJTNFJTNDJTJGaSUzRSUwQSUzQyUyRmElM0UlMEElM0MlMkZkaXYlM0U=[\/vc_raw_html][vc_column_text el_class=&#8220;ml-100 mmr-white big&#8220; css=&#8220;.vc_custom_1617202055868{margin-top: 100px !important;}&#8220;]<\/p>\n<h1 style=\"text-align: left;\">PROJEKTE.<\/h1>\n<p>[\/vc_column_text][vc_row_inner el_class=&#8220;ml-100&#8243;][vc_column_inner el_class=&#8220;projekt_img_wrapper&#8220; offset=&#8220;vc_col-lg-6 vc_col-md-6 vc_col-xs-12&#8243;][vc_raw_html]JTVCc2xpZGUtYW55dGhpbmclMjBpZCUzRCUyMjQ1NDAlMjIlNUQlMEElMEElM0NzdHlsZSUzRSUwQSUyM2t1bmRlbl9zbGlkZXIlMjBkaXYub3dsLXN0YWdlLW91dGVyJTBBJTdCJTBBJTIwJTIwd2lkdGglM0ElMjBjYWxjJTI4MTAwJTI1JTIwLSUyMDFweCUyOSUyMCUyMWltcG9ydGFudCUzQiUwQSU3RCUwQSUwQSUyM2t1bmRlbl9zbGlkZXIlMjBkaXYub3dsLWl0ZW0lMjBpbWclMEElN0IlMEElMjAlMjBwb3NpdGlvbiUzQSUyMHJlbGF0aXZlJTNCJTBBJTIwJTIwbGVmdCUzQSUyMC0xcHglM0IlMEElN0QlMEElMEElMjNrdW5kZW5fc2xpZGVyJTIwZGl2Lm93bC1uYXYlMjBidXR0b24ub3dsLXByZXYlMEElN0IlMEElMjAlMjBsZWZ0JTNBJTIwMHB4JTIwJTIxaW1wb3J0YW50JTNCJTBBJTIwJTIwbWFyZ2luLXRvcCUzQSUyMC0zMHB4JTIwJTIxaW1wb3J0YW50JTNCJTBBJTdEJTBBJTBBJTIza3VuZGVuX3NsaWRlciUyMGRpdi5vd2wtbmF2JTIwYnV0dG9uLm93bC1uZXh0JTBBJTdCJTBBJTIwJTIwcmlnaHQlM0ElMjAxcHglMjAlMjFpbXBvcnRhbnQlM0IlMEElMjAlMjBtYXJnaW4tdG9wJTNBJTIwLTMwcHglMjAlMjFpbXBvcnRhbnQlM0IlMEElN0QlMEElMEElMjNrdW5kZW5fc2xpZGVyJTIwZGl2Lm93bC1kb3RzJTBBJTdCJTBBJTIwJTIwcG9zaXRpb24lM0ElMjByZWxhdGl2ZSUyMCUyMWltcG9ydGFudCUzQiUwQSUyMCUyMGJvdHRvbSUzQSUyMDBweCUyMCUyMWltcG9ydGFudCUzQiUwQSU3RCUwQSUzQyUyRnN0eWxlJTNF[\/vc_raw_html][\/vc_column_inner][vc_column_inner el_class=&#8220;projekt_description_wrapper&#8220; css=&#8220;.vc_custom_1624794785555{padding-left: 30px !important;}&#8220; offset=&#8220;vc_col-lg-4 vc_col-md-4 vc_col-xs-12&#8243;][vc_column_text css=&#8220;.vc_custom_1624795212635{padding-top: 25px !important;padding-right: 25px !important;padding-bottom: 25px !important;padding-left: 25px !important;}&#8220; el_class=&#8220;projekt-description&#8220;]<\/p>\n<p class=\"projekt_description_image\" style=\"background-color: #fff; margin-top: -25px; text-align: center;\"><img decoding=\"async\" src=\"\/media\/wp-content\/uploads\/2021\/06\/saint-albray.jpg\" \/><\/p>\n<p><strong>Saint Albray \u2013 Die W\u00fcrze Frankreichs<\/strong><br \/>\nGewinnspiel<\/p>\n<p><strong>Zeitraum:<\/strong> Q1 2019<br \/>\n<strong>Art:<\/strong> OnPack Gewinnspiel<br \/>\n<strong>Media:<\/strong> \u00fcber 4 Millionen Aktionsverpackungen, POS Materialien, Online, Newsletter<br \/>\n<strong>Eingebundene Partner:<\/strong> 4<\/p>\n<p>Gro\u00dfes nationales OnPack Gewinnspiel mit \u00fcber 4 Millionen Aktionsverpackungen. Saint Albray bringt nicht nur W\u00fcrze auf dein Brot oder die K\u00e4seplatte, sondern auch in deinen Alltag. Gewinne tolle Preise, die dein Leben aufregender machen und ein kleines St\u00fcckchen Frankreich nach Hause holen.<\/p>\n<p><a href=\"https:\/\/ich-liebe-kaese.de\/kaesemarken\/saint-albray\/\" target=\"_blank\" rel=\"noopener\"><strong>https:\/\/ich-liebe-kaese.de\/kaesemarken\/saint-albray\/<\/strong><\/a>[\/vc_column_text][\/vc_column_inner][\/vc_row_inner]<\/div><\/div><\/div><\/div>[\/vc_column][\/vc_row]<\/p>\n","protected":false},"excerpt":{"rendered":"<p>[vc_row el_class=&#8220;subpage-projekt mmr-fullpage&#8220; el_id=&#8220;project-subpage&#8220;][vc_column][\/vc_column][\/vc_row]<\/p>\n","protected":false},"author":1,"featured_media":0,"parent":3420,"menu_order":0,"comment_status":"closed","ping_status":"closed","template":"subpages-template.php","meta":{"_vp_format_video_url":"","_vp_image_focal_point":[],"footnotes":""},"class_list":["post-3995","page","type-page","status-publish","hentry"],"yoast_head":"<!-- This site is optimized with the Yoast SEO plugin v24.2 - https:\/\/yoast.com\/wordpress\/plugins\/seo\/ -->\n<title>Saint Albray - MMR Media<\/title>\n<meta name=\"robots\" content=\"index, follow, max-snippet:-1, max-image-preview:large, max-video-preview:-1\" \/>\n<link rel=\"canonical\" href=\"https:\/\/www.mmr-media.de\/media\/projekte\/saint-albray\/\" \/>\n<meta property=\"og:locale\" content=\"de_DE\" \/>\n<meta property=\"og:type\" content=\"article\" \/>\n<meta property=\"og:title\" content=\"Saint Albray - MMR Media\" \/>\n<meta property=\"og:description\" content=\"[vc_row el_class=&#8220;subpage-projekt mmr-fullpage&#8220; el_id=&#8220;project-subpage&#8220;][vc_column][\/vc_column][\/vc_row]\" \/>\n<meta property=\"og:url\" content=\"https:\/\/www.mmr-media.de\/media\/projekte\/saint-albray\/\" \/>\n<meta property=\"og:site_name\" content=\"MMR Media\" \/>\n<meta property=\"article:modified_time\" content=\"2022-11-15T23:19:45+00:00\" \/>\n<meta name=\"twitter:card\" content=\"summary_large_image\" \/>\n<meta name=\"twitter:label1\" content=\"Gesch\u00e4tzte Lesezeit\" \/>\n\t<meta name=\"twitter:data1\" content=\"2\u00a0Minuten\" \/>\n<script type=\"application\/ld+json\" class=\"yoast-schema-graph\">{\"@context\":\"https:\/\/schema.org\",\"@graph\":[{\"@type\":\"WebPage\",\"@id\":\"https:\/\/www.mmr-media.de\/media\/projekte\/saint-albray\/\",\"url\":\"https:\/\/www.mmr-media.de\/media\/projekte\/saint-albray\/\",\"name\":\"Saint Albray - MMR Media\",\"isPartOf\":{\"@id\":\"https:\/\/www.mmr-media.de\/media\/#website\"},\"datePublished\":\"2021-04-15T10:42:35+00:00\",\"dateModified\":\"2022-11-15T23:19:45+00:00\",\"breadcrumb\":{\"@id\":\"https:\/\/www.mmr-media.de\/media\/projekte\/saint-albray\/#breadcrumb\"},\"inLanguage\":\"de\",\"potentialAction\":[{\"@type\":\"ReadAction\",\"target\":[\"https:\/\/www.mmr-media.de\/media\/projekte\/saint-albray\/\"]}]},{\"@type\":\"BreadcrumbList\",\"@id\":\"https:\/\/www.mmr-media.de\/media\/projekte\/saint-albray\/#breadcrumb\",\"itemListElement\":[{\"@type\":\"ListItem\",\"position\":1,\"name\":\"Startseite\",\"item\":\"https:\/\/www.mmr-media.de\/media\/\"},{\"@type\":\"ListItem\",\"position\":2,\"name\":\"Projekte\",\"item\":\"https:\/\/www.mmr-media.de\/media\/projekte\/\"},{\"@type\":\"ListItem\",\"position\":3,\"name\":\"Saint Albray\"}]},{\"@type\":\"WebSite\",\"@id\":\"https:\/\/www.mmr-media.de\/media\/#website\",\"url\":\"https:\/\/www.mmr-media.de\/media\/\",\"name\":\"MMR Media\",\"description\":\"Agentur f\u00fcr Sonderwerbeformen, Sponsoring, Game-Promotion, OnPack Promotion und Couponing\",\"potentialAction\":[{\"@type\":\"SearchAction\",\"target\":{\"@type\":\"EntryPoint\",\"urlTemplate\":\"https:\/\/www.mmr-media.de\/media\/?s={search_term_string}\"},\"query-input\":{\"@type\":\"PropertyValueSpecification\",\"valueRequired\":true,\"valueName\":\"search_term_string\"}}],\"inLanguage\":\"de\"}]}<\/script>\n<!-- \/ Yoast SEO plugin. -->","yoast_head_json":{"title":"Saint Albray - MMR Media","robots":{"index":"index","follow":"follow","max-snippet":"max-snippet:-1","max-image-preview":"max-image-preview:large","max-video-preview":"max-video-preview:-1"},"canonical":"https:\/\/www.mmr-media.de\/media\/projekte\/saint-albray\/","og_locale":"de_DE","og_type":"article","og_title":"Saint Albray - MMR Media","og_description":"[vc_row el_class=&#8220;subpage-projekt mmr-fullpage&#8220; el_id=&#8220;project-subpage&#8220;][vc_column][\/vc_column][\/vc_row]","og_url":"https:\/\/www.mmr-media.de\/media\/projekte\/saint-albray\/","og_site_name":"MMR Media","article_modified_time":"2022-11-15T23:19:45+00:00","twitter_card":"summary_large_image","twitter_misc":{"Gesch\u00e4tzte Lesezeit":"2\u00a0Minuten"},"schema":{"@context":"https:\/\/schema.org","@graph":[{"@type":"WebPage","@id":"https:\/\/www.mmr-media.de\/media\/projekte\/saint-albray\/","url":"https:\/\/www.mmr-media.de\/media\/projekte\/saint-albray\/","name":"Saint Albray - MMR Media","isPartOf":{"@id":"https:\/\/www.mmr-media.de\/media\/#website"},"datePublished":"2021-04-15T10:42:35+00:00","dateModified":"2022-11-15T23:19:45+00:00","breadcrumb":{"@id":"https:\/\/www.mmr-media.de\/media\/projekte\/saint-albray\/#breadcrumb"},"inLanguage":"de","potentialAction":[{"@type":"ReadAction","target":["https:\/\/www.mmr-media.de\/media\/projekte\/saint-albray\/"]}]},{"@type":"BreadcrumbList","@id":"https:\/\/www.mmr-media.de\/media\/projekte\/saint-albray\/#breadcrumb","itemListElement":[{"@type":"ListItem","position":1,"name":"Startseite","item":"https:\/\/www.mmr-media.de\/media\/"},{"@type":"ListItem","position":2,"name":"Projekte","item":"https:\/\/www.mmr-media.de\/media\/projekte\/"},{"@type":"ListItem","position":3,"name":"Saint Albray"}]},{"@type":"WebSite","@id":"https:\/\/www.mmr-media.de\/media\/#website","url":"https:\/\/www.mmr-media.de\/media\/","name":"MMR Media","description":"Agentur f\u00fcr Sonderwerbeformen, Sponsoring, Game-Promotion, OnPack Promotion und Couponing","potentialAction":[{"@type":"SearchAction","target":{"@type":"EntryPoint","urlTemplate":"https:\/\/www.mmr-media.de\/media\/?s={search_term_string}"},"query-input":{"@type":"PropertyValueSpecification","valueRequired":true,"valueName":"search_term_string"}}],"inLanguage":"de"}]}},"_links":{"self":[{"href":"https:\/\/www.mmr-media.de\/media\/wp-json\/wp\/v2\/pages\/3995","targetHints":{"allow":["GET"]}}],"collection":[{"href":"https:\/\/www.mmr-media.de\/media\/wp-json\/wp\/v2\/pages"}],"about":[{"href":"https:\/\/www.mmr-media.de\/media\/wp-json\/wp\/v2\/types\/page"}],"author":[{"embeddable":true,"href":"https:\/\/www.mmr-media.de\/media\/wp-json\/wp\/v2\/users\/1"}],"replies":[{"embeddable":true,"href":"https:\/\/www.mmr-media.de\/media\/wp-json\/wp\/v2\/comments?post=3995"}],"version-history":[{"count":0,"href":"https:\/\/www.mmr-media.de\/media\/wp-json\/wp\/v2\/pages\/3995\/revisions"}],"up":[{"embeddable":true,"href":"https:\/\/www.mmr-media.de\/media\/wp-json\/wp\/v2\/pages\/3420"}],"wp:attachment":[{"href":"https:\/\/www.mmr-media.de\/media\/wp-json\/wp\/v2\/media?parent=3995"}],"curies":[{"name":"wp","href":"https:\/\/api.w.org\/{rel}","templated":true}]}}