{"id":3438,"date":"2021-01-19T23:52:01","date_gmt":"2021-01-19T22:52:01","guid":{"rendered":"https:\/\/www.mmr-media.de\/media\/?page_id=3438"},"modified":"2024-11-06T10:25:22","modified_gmt":"2024-11-06T09:25:22","slug":"jobs","status":"publish","type":"page","link":"https:\/\/www.mmr-media.de\/media\/jobs\/","title":{"rendered":"Jobs"},"content":{"rendered":"<p>[vc_row el_id=&#8220;pagejobs&#8220; el_class=&#8220;pagemmr subpagenew&#8220;][vc_column]<style scoped><\/style><div  class=\"home_section_1 scroll_section page-team dark aligncenter mmr-fullpage\"  data-bg-color=\"#2a4f83\" style='' data-scroll=\"overflow\"><div class=\"section_inner_1\" style=\"height:100%;background:rgba(71,71,71,0);\"><div class=\"container\"><div class=\"row\">[vc_raw_html]JTNDZGl2JTIwY2xhc3MlM0QlMjJzbGlkZS1uYXYlMjIlM0UlMEElM0NhJTIwY2xhc3MlM0QlMjJzbGlkZS1uYXYtbGluayUyMiUzRSUzQ2klMjBjbGFzcyUzRCUyMmZhJTIwZmEtYW5nbGUtbGVmdCUyMiUzRSUzQyUyRmklM0UlM0MlMkZhJTNFJTBBJTNDJTJGZGl2JTNF[\/vc_raw_html][vc_raw_html]JTNDZGl2JTIwY2xhc3MlM0QlMjJoaWRkZW4tbmF2JTIyJTNFJTBBJTNDYSUyMGNsYXNzJTNEJTIyaGlkZGVuLW5hdi1saW5rJTIyJTIwaHJlZiUzRCUyMiUyRm1lZGlhJTJGJTIzaG9tZV9zZWN0aW9uXzMlMjIlM0V6dXIlQzMlQkNjayUzQyUyRmElM0UlMEElM0MlMkZkaXYlM0UlMEE=[\/vc_raw_html][vc_column_text el_class=&#8220;ml-100 mmr-white big&#8220; css=&#8220;.vc_custom_1617195713330{margin-top: 100px !important;}&#8220;]<\/p>\n<h1 style=\"text-align: left;\">JOBS.<\/h1>\n<p>[\/vc_column_text][vc_row_inner el_class=&#8220;ml-100&#8243;][vc_column_inner width=&#8220;1\/2&#8243; css=&#8220;.vc_custom_1606078656841{margin-top: 30px !important;}&#8220;][vc_btn title=&#8220;Kaufm\u00e4nnischer Gesch\u00e4ftsf\u00fchrer&#8220; style=&#8220;custom&#8220; custom_background=&#8220;#ffffff&#8220; custom_text=&#8220;#2a4f83&#8243; shape=&#8220;square&#8220; el_class=&#8220;job-button&#8220; link=&#8220;url:https%3A%2F%2Fwww.mmr-media.de%2Fmedia%2Fjobs%2Fkaufmaennischen-geschaeftsfuehrer-m-w-div%2F|title:Kaufm%C3%A4nnischer%20Gesch%C3%A4ftsf%C3%BChrer||&#8220;][vc_btn title=&#8220;Key Account Manager&#8220; style=&#8220;custom&#8220; custom_background=&#8220;#ffffff&#8220; custom_text=&#8220;#2a4f83&#8243; shape=&#8220;square&#8220; el_class=&#8220;job-button&#8220; link=&#8220;url:https%3A%2F%2Fwww.mmr-media.de%2Fmedia%2Fjobs%2Fkey-account-manager%2F|title:Key%20Account%20Manager||&#8220;][vc_btn title=&#8220;Sales Manager&#8220; style=&#8220;custom&#8220; custom_background=&#8220;#ffffff&#8220; custom_text=&#8220;#2a4f83&#8243; shape=&#8220;square&#8220; el_class=&#8220;job-button&#8220; link=&#8220;url:https%3A%2F%2Fwww.mmr-media.de%2Fmedia%2Fjobs%2Fsales-manager%2F|title:Sales%20Manager||&#8220;][vc_btn title=&#8220;Vertrieb B2B in K\u00f6ln&#8220; style=&#8220;custom&#8220; custom_background=&#8220;#ffffff&#8220; custom_text=&#8220;#2a4f83&#8243; shape=&#8220;square&#8220; el_class=&#8220;job-button&#8220; link=&#8220;url:https%3A%2F%2Fwww.mmr-media.de%2Fmedia%2Fjobs%2Fvertrieb-b2b%2F|title:Vertrieb%20B2B%20in%20K%C3%B6ln||&#8220;][vc_btn title=&#8220;Freier Mitarbeiter im Vertrieb&#8220; style=&#8220;custom&#8220; custom_background=&#8220;#ffffff&#8220; custom_text=&#8220;#2a4f83&#8243; shape=&#8220;square&#8220; el_class=&#8220;job-button&#8220; link=&#8220;url:https%3A%2F%2Fwww.mmr-media.de%2Fmedia%2Fjobs%2Ffreier-mitarbeiter-vertrieb%2F|title:Freier%20Mitarbeiter%20im%20Vertrieb||&#8220;][\/vc_column_inner][vc_column_inner el_class=&#8220;jobs_image_wrapper&#8220; width=&#8220;1\/2&#8243;][vc_single_image image=&#8220;3801&#8243; img_size=&#8220;450&#8243; alignment=&#8220;right&#8220; el_id=&#8220;jobs-pic&#8220; css=&#8220;.vc_custom_1624744385279{padding-right: 20px !important;padding-left: 20px !important;}&#8220;][\/vc_column_inner][\/vc_row_inner][vc_column_text el_class=&#8220;mmr-white ml-100 bottom_headline jobs_content_spacer&#8220; css=&#8220;.vc_custom_1624807455008{margin-top: 40px !important;margin-bottom: 40px !important;}&#8220;]<\/p>\n<h2 style=\"margin: 0px;\">WE WANT TO MEET YOU.<\/h2>\n<p>[\/vc_column_text]<\/div><\/div><\/div><\/div>[\/vc_column][\/vc_row]<\/p>\n","protected":false},"excerpt":{"rendered":"<p>[vc_row el_id=&#8220;pagejobs&#8220; el_class=&#8220;pagemmr subpagenew&#8220;][vc_column][\/vc_column][\/vc_row]<\/p>\n","protected":false},"author":1,"featured_media":0,"parent":0,"menu_order":0,"comment_status":"closed","ping_status":"closed","template":"sections-template.php","meta":{"_vp_format_video_url":"","_vp_image_focal_point":[],"footnotes":""},"class_list":["post-3438","page","type-page","status-publish","hentry"],"yoast_head":"<!-- This site is optimized with the Yoast SEO plugin v24.2 - https:\/\/yoast.com\/wordpress\/plugins\/seo\/ -->\n<title>Jobs - MMR Media<\/title>\n<meta name=\"robots\" content=\"index, follow, max-snippet:-1, max-image-preview:large, max-video-preview:-1\" \/>\n<link rel=\"canonical\" href=\"https:\/\/www.mmr-media.de\/media\/jobs\/\" \/>\n<meta property=\"og:locale\" content=\"de_DE\" \/>\n<meta property=\"og:type\" content=\"article\" \/>\n<meta property=\"og:title\" content=\"Jobs - MMR Media\" \/>\n<meta property=\"og:description\" content=\"[vc_row el_id=&#8220;pagejobs&#8220; el_class=&#8220;pagemmr subpagenew&#8220;][vc_column][\/vc_column][\/vc_row]\" \/>\n<meta property=\"og:url\" content=\"https:\/\/www.mmr-media.de\/media\/jobs\/\" \/>\n<meta property=\"og:site_name\" content=\"MMR Media\" \/>\n<meta property=\"article:modified_time\" content=\"2024-11-06T09:25:22+00:00\" \/>\n<meta name=\"twitter:card\" content=\"summary_large_image\" \/>\n<meta name=\"twitter:label1\" content=\"Gesch\u00e4tzte Lesezeit\" \/>\n\t<meta name=\"twitter:data1\" content=\"1\u00a0Minute\" \/>\n<script type=\"application\/ld+json\" class=\"yoast-schema-graph\">{\"@context\":\"https:\/\/schema.org\",\"@graph\":[{\"@type\":\"WebPage\",\"@id\":\"https:\/\/www.mmr-media.de\/media\/jobs\/\",\"url\":\"https:\/\/www.mmr-media.de\/media\/jobs\/\",\"name\":\"Jobs - MMR Media\",\"isPartOf\":{\"@id\":\"https:\/\/www.mmr-media.de\/media\/#website\"},\"datePublished\":\"2021-01-19T22:52:01+00:00\",\"dateModified\":\"2024-11-06T09:25:22+00:00\",\"breadcrumb\":{\"@id\":\"https:\/\/www.mmr-media.de\/media\/jobs\/#breadcrumb\"},\"inLanguage\":\"de\",\"potentialAction\":[{\"@type\":\"ReadAction\",\"target\":[\"https:\/\/www.mmr-media.de\/media\/jobs\/\"]}]},{\"@type\":\"BreadcrumbList\",\"@id\":\"https:\/\/www.mmr-media.de\/media\/jobs\/#breadcrumb\",\"itemListElement\":[{\"@type\":\"ListItem\",\"position\":1,\"name\":\"Startseite\",\"item\":\"https:\/\/www.mmr-media.de\/media\/\"},{\"@type\":\"ListItem\",\"position\":2,\"name\":\"Jobs\"}]},{\"@type\":\"WebSite\",\"@id\":\"https:\/\/www.mmr-media.de\/media\/#website\",\"url\":\"https:\/\/www.mmr-media.de\/media\/\",\"name\":\"MMR Media\",\"description\":\"Agentur f\u00fcr Sonderwerbeformen, Sponsoring, Game-Promotion, OnPack Promotion und Couponing\",\"potentialAction\":[{\"@type\":\"SearchAction\",\"target\":{\"@type\":\"EntryPoint\",\"urlTemplate\":\"https:\/\/www.mmr-media.de\/media\/?s={search_term_string}\"},\"query-input\":{\"@type\":\"PropertyValueSpecification\",\"valueRequired\":true,\"valueName\":\"search_term_string\"}}],\"inLanguage\":\"de\"}]}<\/script>\n<!-- \/ Yoast SEO plugin. -->","yoast_head_json":{"title":"Jobs - MMR Media","robots":{"index":"index","follow":"follow","max-snippet":"max-snippet:-1","max-image-preview":"max-image-preview:large","max-video-preview":"max-video-preview:-1"},"canonical":"https:\/\/www.mmr-media.de\/media\/jobs\/","og_locale":"de_DE","og_type":"article","og_title":"Jobs - MMR Media","og_description":"[vc_row el_id=&#8220;pagejobs&#8220; el_class=&#8220;pagemmr subpagenew&#8220;][vc_column][\/vc_column][\/vc_row]","og_url":"https:\/\/www.mmr-media.de\/media\/jobs\/","og_site_name":"MMR Media","article_modified_time":"2024-11-06T09:25:22+00:00","twitter_card":"summary_large_image","twitter_misc":{"Gesch\u00e4tzte Lesezeit":"1\u00a0Minute"},"schema":{"@context":"https:\/\/schema.org","@graph":[{"@type":"WebPage","@id":"https:\/\/www.mmr-media.de\/media\/jobs\/","url":"https:\/\/www.mmr-media.de\/media\/jobs\/","name":"Jobs - MMR Media","isPartOf":{"@id":"https:\/\/www.mmr-media.de\/media\/#website"},"datePublished":"2021-01-19T22:52:01+00:00","dateModified":"2024-11-06T09:25:22+00:00","breadcrumb":{"@id":"https:\/\/www.mmr-media.de\/media\/jobs\/#breadcrumb"},"inLanguage":"de","potentialAction":[{"@type":"ReadAction","target":["https:\/\/www.mmr-media.de\/media\/jobs\/"]}]},{"@type":"BreadcrumbList","@id":"https:\/\/www.mmr-media.de\/media\/jobs\/#breadcrumb","itemListElement":[{"@type":"ListItem","position":1,"name":"Startseite","item":"https:\/\/www.mmr-media.de\/media\/"},{"@type":"ListItem","position":2,"name":"Jobs"}]},{"@type":"WebSite","@id":"https:\/\/www.mmr-media.de\/media\/#website","url":"https:\/\/www.mmr-media.de\/media\/","name":"MMR Media","description":"Agentur f\u00fcr Sonderwerbeformen, Sponsoring, Game-Promotion, OnPack Promotion und Couponing","potentialAction":[{"@type":"SearchAction","target":{"@type":"EntryPoint","urlTemplate":"https:\/\/www.mmr-media.de\/media\/?s={search_term_string}"},"query-input":{"@type":"PropertyValueSpecification","valueRequired":true,"valueName":"search_term_string"}}],"inLanguage":"de"}]}},"_links":{"self":[{"href":"https:\/\/www.mmr-media.de\/media\/wp-json\/wp\/v2\/pages\/3438","targetHints":{"allow":["GET"]}}],"collection":[{"href":"https:\/\/www.mmr-media.de\/media\/wp-json\/wp\/v2\/pages"}],"about":[{"href":"https:\/\/www.mmr-media.de\/media\/wp-json\/wp\/v2\/types\/page"}],"author":[{"embeddable":true,"href":"https:\/\/www.mmr-media.de\/media\/wp-json\/wp\/v2\/users\/1"}],"replies":[{"embeddable":true,"href":"https:\/\/www.mmr-media.de\/media\/wp-json\/wp\/v2\/comments?post=3438"}],"version-history":[{"count":12,"href":"https:\/\/www.mmr-media.de\/media\/wp-json\/wp\/v2\/pages\/3438\/revisions"}],"predecessor-version":[{"id":4854,"href":"https:\/\/www.mmr-media.de\/media\/wp-json\/wp\/v2\/pages\/3438\/revisions\/4854"}],"wp:attachment":[{"href":"https:\/\/www.mmr-media.de\/media\/wp-json\/wp\/v2\/media?parent=3438"}],"curies":[{"name":"wp","href":"https:\/\/api.w.org\/{rel}","templated":true}]}}