{"id":3317,"date":"2020-11-22T22:07:44","date_gmt":"2020-11-22T21:07:44","guid":{"rendered":"https:\/\/www.mmr-media.de\/media\/?page_id=3317"},"modified":"2022-11-16T00:16:44","modified_gmt":"2022-11-15T23:16:44","slug":"vertrieb-im-innendienst","status":"publish","type":"page","link":"https:\/\/www.mmr-media.de\/media\/jobs\/vertrieb-im-innendienst\/","title":{"rendered":"Vertrieb im Innendienst (m\/w\/div.) in K\u00f6ln\/Br\u00fchl"},"content":{"rendered":"<p>[vc_row el_class=&#8220;subpage-projekt mmr-fullpage job-subpage page-team&#8220; el_id=&#8220;project-subpage&#8220;][vc_column]<style scoped><\/style><div  class=\"home_section_1 scroll_section mml-100 mmr-fullpage\"  data-bg-color=\"#2a4f83\" style='' data-scroll=\"overflow\"><div class=\"section_inner_1\" style=\"height:100%;\"><div class=\"container\"><div class=\"row\">[vc_raw_html]JTNDZGl2JTIwY2xhc3MlM0QlMjJzbGlkZS1uYXYlMjIlM0UlMEElM0NhJTIwaHJlZiUzRCUyMiUyRm1lZGlhJTJGam9icyUyRiUyMiUzRSUzQ2klMjBjbGFzcyUzRCUyMmZhJTIwZmEtYW5nbGUtbGVmdCUyMiUzRSUzQyUyRmklM0UlM0MlMkZhJTNFJTBBJTNDJTJGZGl2JTNF[\/vc_raw_html][vc_column_text el_class=&#8220;mmr-white ml-100 big&#8220; css=&#8220;.vc_custom_1617196129601{margin-top: 100px !important;}&#8220;]<\/p>\n<h1 style=\"text-align: left;\">JOBS.<\/h1>\n<p>[\/vc_column_text][vc_row_inner el_class=&#8220;job-description ml-100 mmr-white&#8220; css=&#8220;.vc_custom_1617212210298{margin-top: 20px !important;margin-bottom: 50px !important;}&#8220;][vc_column_inner width=&#8220;1\/2&#8243; css=&#8220;.vc_custom_1618475664708{padding-right: 20px !important;}&#8220; el_id=&#8220;jobs_toggle_wrapper&#8220;][vc_column_text]Wir suchen f\u00fcr unser B\u00fcro ab sofort mehrere Mitarbeiter<\/p>\n<h2>Vertrieb im Innendienst (m\/w\/div.) in K\u00f6ln\/Br\u00fchl<\/h2>\n<p>Diese Position ist auch interessant f\u00fcr: Quereinsteiger, Seiteneinsteiger, Vertriebsinnendienst, Sales Account Manager, Vertriebler[\/vc_column_text][vc_toggle title=&#8220;DEINE AUFGABEN&#8220; style=&#8220;arrow&#8220; size=&#8220;lg&#8220; el_class=&#8220;job-explanation&#8220; el_id=&#8220;jobs-aufgaben&#8220; css=&#8220;.vc_custom_1617212428531{margin-top: 30px !important;}&#8220;]<\/p>\n<ul>\n<li>Telefonische Ansprache attraktiver Neukunden aus der DACH Region<\/li>\n<li>Du begeisterst neue Kunden f\u00fcr das Portfolio der MMR Media<\/li>\n<li>Erarbeitung von individuellen Produktl\u00f6sungen f\u00fcr den Kunden<\/li>\n<li>Verhandlung des Lizenzvertrages mit dem Kunden bis hin zur Unterschrift<\/li>\n<li>Eingenverantwortlicher Aufbau eines eigenen Kundenstammes<\/li>\n<li>Bestandskundenpflege und Ausbau<\/li>\n<\/ul>\n<p>[\/vc_toggle][vc_toggle title=&#8220;DEIN BACKGROUND&#8220; style=&#8220;arrow&#8220; size=&#8220;lg&#8220; el_class=&#8220;job-explanation&#8220; el_id=&#8220;jobs-background&#8220;]<\/p>\n<ul>\n<li>Erfahrung in der telefonischen Kaltaquise und sehr gute rethorische F\u00e4higkeiten<\/li>\n<li>Sonstige sales-relevante Berufserfahrung<\/li>\n<li>Quereinsteiger aus dem Innendienst (Agentur etc.) oder \u00e4hnlichem<\/li>\n<\/ul>\n<p>[\/vc_toggle][vc_toggle title=&#8220;DEIN PERS\u00d6NLICHES PROFIL&#8220; style=&#8220;arrow&#8220; size=&#8220;lg&#8220; el_class=&#8220;job-explanation&#8220; el_id=&#8220;jobs-profil&#8220;]<\/p>\n<ul>\n<li>Du verstehst die Relevanz von Sonderwerbeformaten (Couponing, Gewinnspiele, Online, etc.) f\u00fcr Unternehmen<\/li>\n<li>Du bist kontaktfreudig und hast eine hohe Eigenmotivation<\/li>\n<li>Du arbeitest ergebnisorientiert und messbare Ziele sind Dir wichtig<\/li>\n<li>Du liebst das Neukundengesch\u00e4ft und bist dabei geradlinig und fokussiert<\/li>\n<\/ul>\n<p>[\/vc_toggle][vc_toggle title=&#8220;WIR BIETEN&#8220; style=&#8220;arrow&#8220; size=&#8220;lg&#8220; el_class=&#8220;job-explanation&#8220; css=&#8220;.vc_custom_1617212447993{background-color: #ffffff !important;}&#8220; el_id=&#8220;jobs-offer&#8220;]<\/p>\n<ul>\n<li>tolle und abwechslungsreiche Projekte, Kunden und Kollegen<\/li>\n<li>Branchen- und Kunden\u00fcbergreifendes Portfolio; Werbung, Kosmetik, Vergleichsportal<\/li>\n<li>Teamabende und Incentives<\/li>\n<li>schnelle Aufstiegsm\u00f6glichkeiten<\/li>\n<li>\u00fcberdurchschnittliches Gehalt<\/li>\n<li>KFZ-Regelung (Mittel- bis Oberklasse PKW)<\/li>\n<li>Apple Arbeitsausstattung (iMac, iPad, Handy)<\/li>\n<li>kostenfreie Getr\u00e4nke und Kaffee<\/li>\n<li>kostenfreie Parkplatzm\u00f6glichkeiten direkt vor der T\u00fcr<\/li>\n<\/ul>\n<p>[\/vc_toggle][\/vc_column_inner][vc_column_inner el_class=&#8220;job_text_content_wrapper&#8220; width=&#8220;1\/2&#8243; css=&#8220;.vc_custom_1624808899309{padding-left: 20px !important;}&#8220;][vc_column_text css=&#8220;.vc_custom_1618403582758{margin-bottom: 20px !important;}&#8220;]<\/p>\n<h2 class=\"big-description\">\u00dcBER UNS<\/h2>\n<p>[\/vc_column_text][vc_column_text]Seit 5 Jahren ist die MMR Media GmbH aus K\u00f6ln\/Br\u00fchl die Nr. 1 in Europa im Bereich von Couponing und Gewinnspielen.<\/p>\n<p>Als Marktf\u00fchrer arbeiten wir jeden Tag daran, unsere Kooperationspartner und Kunden erfolgreich in Kampagnen zusammenzubringen um f\u00fcr beide Seiten einen Mehrwert zu schaffen. Wir stehen mit unseren Partnern in langj\u00e4hrigen und vertrauensvollen Gesch\u00e4ftsbeziehungen und haben dadurch die M\u00f6glichkeit, diese erfolgreichen Werbeformen exklusiv zu vermarkten.[\/vc_column_text][vc_column_text css=&#8220;.vc_custom_1618403599200{margin-top: 20px !important;margin-bottom: 20px !important;}&#8220; el_class=&#8220;apply&#8220;]<\/p>\n<h2 class=\"big-description\">INTERESSIERT?<\/h2>\n<p>[\/vc_column_text][vc_column_text css=&#8220;.vc_custom_1618403502394{margin-top: 20px !important;}&#8220; el_class=&#8220;apply&#8220;]Wir freuen uns auf Deine Bewerbung unter Angabe Deines fr\u00fchestm\u00f6glichen Eintrittsdatums und Deiner Gehaltsvorstellung, am liebsten per E-Mail an <a href=\"mailto:bewerbung@mmr-media.de\">bewerbung@mmr-media.de<\/a>[\/vc_column_text][vc_column_text css=&#8220;.vc_custom_1624809269805{margin-top: 20px !important;}&#8220; el_class=&#8220;apply&#8220;]<\/p>\n<p class=\"pdf_stellenanzeige_wrapper\"><i class=\"fa fa-file-pdf-o\" aria-hidden=\"true\"><\/i>\u00a0 <a style=\"text-decoration: underline;\" href=\"\/media\/wp-content\/uploads\/2021\/04\/210113_MMR-Media_Stellenanzeige.pdf\" target=\"_blank\" rel=\"noopener\">Stellenanzeige<\/a><\/p>\n<p>[\/vc_column_text][vc_btn title=&#8220;Jetzt bewerben&#8220; style=&#8220;custom&#8220; custom_background=&#8220;#ffffff&#8220; custom_text=&#8220;#2a4f83&#8243; shape=&#8220;square&#8220; css=&#8220;.vc_custom_1610727235137{margin-top: 20px !important;}&#8220; el_class=&#8220;job-btn&#8220; link=&#8220;url:mailto%3Abewerbung%40mmr-media.de|||&#8220;][\/vc_column_inner][\/vc_row_inner]<\/div><\/div><\/div><\/div>[\/vc_column][\/vc_row]<\/p>\n","protected":false},"excerpt":{"rendered":"<p>[vc_row el_class=&#8220;subpage-projekt mmr-fullpage job-subpage page-team&#8220; el_id=&#8220;project-subpage&#8220;][vc_column][\/vc_column][\/vc_row]<\/p>\n","protected":false},"author":1,"featured_media":0,"parent":3438,"menu_order":0,"comment_status":"closed","ping_status":"closed","template":"subpages-template.php","meta":{"_vp_format_video_url":"","_vp_image_focal_point":[],"footnotes":""},"class_list":["post-3317","page","type-page","status-publish","hentry"],"yoast_head":"<!-- This site is optimized with the Yoast SEO plugin v24.2 - https:\/\/yoast.com\/wordpress\/plugins\/seo\/ -->\n<title>Vertrieb im Innendienst (m\/w\/div.) in K\u00f6ln\/Br\u00fchl - MMR Media<\/title>\n<meta name=\"robots\" content=\"index, follow, max-snippet:-1, max-image-preview:large, max-video-preview:-1\" \/>\n<link rel=\"canonical\" href=\"https:\/\/www.mmr-media.de\/media\/jobs\/vertrieb-im-innendienst\/\" \/>\n<meta property=\"og:locale\" content=\"de_DE\" \/>\n<meta property=\"og:type\" content=\"article\" \/>\n<meta property=\"og:title\" content=\"Vertrieb im Innendienst (m\/w\/div.) in K\u00f6ln\/Br\u00fchl - MMR Media\" \/>\n<meta property=\"og:description\" content=\"[vc_row el_class=&#8220;subpage-projekt mmr-fullpage job-subpage page-team&#8220; el_id=&#8220;project-subpage&#8220;][vc_column][\/vc_column][\/vc_row]\" \/>\n<meta property=\"og:url\" content=\"https:\/\/www.mmr-media.de\/media\/jobs\/vertrieb-im-innendienst\/\" \/>\n<meta property=\"og:site_name\" content=\"MMR Media\" \/>\n<meta property=\"article:modified_time\" content=\"2022-11-15T23:16:44+00:00\" \/>\n<meta name=\"twitter:card\" content=\"summary_large_image\" \/>\n<meta name=\"twitter:label1\" content=\"Gesch\u00e4tzte Lesezeit\" \/>\n\t<meta name=\"twitter:data1\" content=\"3\u00a0Minuten\" \/>\n<script type=\"application\/ld+json\" class=\"yoast-schema-graph\">{\"@context\":\"https:\/\/schema.org\",\"@graph\":[{\"@type\":\"WebPage\",\"@id\":\"https:\/\/www.mmr-media.de\/media\/jobs\/vertrieb-im-innendienst\/\",\"url\":\"https:\/\/www.mmr-media.de\/media\/jobs\/vertrieb-im-innendienst\/\",\"name\":\"Vertrieb im Innendienst (m\/w\/div.) in K\u00f6ln\/Br\u00fchl - MMR Media\",\"isPartOf\":{\"@id\":\"https:\/\/www.mmr-media.de\/media\/#website\"},\"datePublished\":\"2020-11-22T21:07:44+00:00\",\"dateModified\":\"2022-11-15T23:16:44+00:00\",\"breadcrumb\":{\"@id\":\"https:\/\/www.mmr-media.de\/media\/jobs\/vertrieb-im-innendienst\/#breadcrumb\"},\"inLanguage\":\"de\",\"potentialAction\":[{\"@type\":\"ReadAction\",\"target\":[\"https:\/\/www.mmr-media.de\/media\/jobs\/vertrieb-im-innendienst\/\"]}]},{\"@type\":\"BreadcrumbList\",\"@id\":\"https:\/\/www.mmr-media.de\/media\/jobs\/vertrieb-im-innendienst\/#breadcrumb\",\"itemListElement\":[{\"@type\":\"ListItem\",\"position\":1,\"name\":\"Startseite\",\"item\":\"https:\/\/www.mmr-media.de\/media\/\"},{\"@type\":\"ListItem\",\"position\":2,\"name\":\"Jobs\",\"item\":\"https:\/\/www.mmr-media.de\/media\/jobs\/\"},{\"@type\":\"ListItem\",\"position\":3,\"name\":\"Vertrieb im Innendienst (m\/w\/div.) in K\u00f6ln\/Br\u00fchl\"}]},{\"@type\":\"WebSite\",\"@id\":\"https:\/\/www.mmr-media.de\/media\/#website\",\"url\":\"https:\/\/www.mmr-media.de\/media\/\",\"name\":\"MMR Media\",\"description\":\"Agentur f\u00fcr Sonderwerbeformen, Sponsoring, Game-Promotion, OnPack Promotion und Couponing\",\"potentialAction\":[{\"@type\":\"SearchAction\",\"target\":{\"@type\":\"EntryPoint\",\"urlTemplate\":\"https:\/\/www.mmr-media.de\/media\/?s={search_term_string}\"},\"query-input\":{\"@type\":\"PropertyValueSpecification\",\"valueRequired\":true,\"valueName\":\"search_term_string\"}}],\"inLanguage\":\"de\"}]}<\/script>\n<!-- \/ Yoast SEO plugin. -->","yoast_head_json":{"title":"Vertrieb im Innendienst (m\/w\/div.) in K\u00f6ln\/Br\u00fchl - MMR Media","robots":{"index":"index","follow":"follow","max-snippet":"max-snippet:-1","max-image-preview":"max-image-preview:large","max-video-preview":"max-video-preview:-1"},"canonical":"https:\/\/www.mmr-media.de\/media\/jobs\/vertrieb-im-innendienst\/","og_locale":"de_DE","og_type":"article","og_title":"Vertrieb im Innendienst (m\/w\/div.) in K\u00f6ln\/Br\u00fchl - MMR Media","og_description":"[vc_row el_class=&#8220;subpage-projekt mmr-fullpage job-subpage page-team&#8220; el_id=&#8220;project-subpage&#8220;][vc_column][\/vc_column][\/vc_row]","og_url":"https:\/\/www.mmr-media.de\/media\/jobs\/vertrieb-im-innendienst\/","og_site_name":"MMR Media","article_modified_time":"2022-11-15T23:16:44+00:00","twitter_card":"summary_large_image","twitter_misc":{"Gesch\u00e4tzte Lesezeit":"3\u00a0Minuten"},"schema":{"@context":"https:\/\/schema.org","@graph":[{"@type":"WebPage","@id":"https:\/\/www.mmr-media.de\/media\/jobs\/vertrieb-im-innendienst\/","url":"https:\/\/www.mmr-media.de\/media\/jobs\/vertrieb-im-innendienst\/","name":"Vertrieb im Innendienst (m\/w\/div.) in K\u00f6ln\/Br\u00fchl - MMR Media","isPartOf":{"@id":"https:\/\/www.mmr-media.de\/media\/#website"},"datePublished":"2020-11-22T21:07:44+00:00","dateModified":"2022-11-15T23:16:44+00:00","breadcrumb":{"@id":"https:\/\/www.mmr-media.de\/media\/jobs\/vertrieb-im-innendienst\/#breadcrumb"},"inLanguage":"de","potentialAction":[{"@type":"ReadAction","target":["https:\/\/www.mmr-media.de\/media\/jobs\/vertrieb-im-innendienst\/"]}]},{"@type":"BreadcrumbList","@id":"https:\/\/www.mmr-media.de\/media\/jobs\/vertrieb-im-innendienst\/#breadcrumb","itemListElement":[{"@type":"ListItem","position":1,"name":"Startseite","item":"https:\/\/www.mmr-media.de\/media\/"},{"@type":"ListItem","position":2,"name":"Jobs","item":"https:\/\/www.mmr-media.de\/media\/jobs\/"},{"@type":"ListItem","position":3,"name":"Vertrieb im Innendienst (m\/w\/div.) in K\u00f6ln\/Br\u00fchl"}]},{"@type":"WebSite","@id":"https:\/\/www.mmr-media.de\/media\/#website","url":"https:\/\/www.mmr-media.de\/media\/","name":"MMR Media","description":"Agentur f\u00fcr Sonderwerbeformen, Sponsoring, Game-Promotion, OnPack Promotion und Couponing","potentialAction":[{"@type":"SearchAction","target":{"@type":"EntryPoint","urlTemplate":"https:\/\/www.mmr-media.de\/media\/?s={search_term_string}"},"query-input":{"@type":"PropertyValueSpecification","valueRequired":true,"valueName":"search_term_string"}}],"inLanguage":"de"}]}},"_links":{"self":[{"href":"https:\/\/www.mmr-media.de\/media\/wp-json\/wp\/v2\/pages\/3317","targetHints":{"allow":["GET"]}}],"collection":[{"href":"https:\/\/www.mmr-media.de\/media\/wp-json\/wp\/v2\/pages"}],"about":[{"href":"https:\/\/www.mmr-media.de\/media\/wp-json\/wp\/v2\/types\/page"}],"author":[{"embeddable":true,"href":"https:\/\/www.mmr-media.de\/media\/wp-json\/wp\/v2\/users\/1"}],"replies":[{"embeddable":true,"href":"https:\/\/www.mmr-media.de\/media\/wp-json\/wp\/v2\/comments?post=3317"}],"version-history":[{"count":0,"href":"https:\/\/www.mmr-media.de\/media\/wp-json\/wp\/v2\/pages\/3317\/revisions"}],"up":[{"embeddable":true,"href":"https:\/\/www.mmr-media.de\/media\/wp-json\/wp\/v2\/pages\/3438"}],"wp:attachment":[{"href":"https:\/\/www.mmr-media.de\/media\/wp-json\/wp\/v2\/media?parent=3317"}],"curies":[{"name":"wp","href":"https:\/\/api.w.org\/{rel}","templated":true}]}}