{"id":4953,"date":"2023-10-28T16:46:29","date_gmt":"2023-10-28T14:46:29","guid":{"rendered":"https:\/\/www.mmr-media.de\/consulting\/?page_id=4953"},"modified":"2024-08-23T12:12:17","modified_gmt":"2024-08-23T10:12:17","slug":"agb","status":"publish","type":"page","link":"https:\/\/www.mmr-media.de\/consulting\/agb\/","title":{"rendered":"AGB"},"content":{"rendered":"<p>[vc_row el_class=&#8220;subpage-projekt mmr-fullpage job-subpage page-team&#8220; el_id=&#8220;project-subpage&#8220;][vc_column]<style scoped><\/style><div  class=\"home_section_1 scroll_section mml-100 mmr-fullpage\"  data-bg-color=\"#215437\" style='' data-scroll=\"overflow\"><div class=\"section_inner_1\" style=\"height:100%;\"><div class=\"container\"><div class=\"row\">[vc_raw_html]JTNDZGl2JTIwY2xhc3MlM0QlMjJzbGlkZS1uYXYlMjIlM0UlMEElM0NhJTIwaHJlZiUzRCUyMiUyRmNvbnN1bHRpbmclMkYlMjIlMjBzdHlsZSUzRCUyMnRleHQtYWxpZ24lM0ElMjBsZWZ0JTNCJTIyJTNFJTBBJTNDaSUyMGNsYXNzJTNEJTIyZmElMjBmYS1hbmdsZS1sZWZ0JTIyJTNFJTNDJTJGaSUzRSUwQSUzQyUyRmElM0UlMEElM0MlMkZkaXYlM0U=[\/vc_raw_html][vc_column_text el_class=&#8220;mmr-white ml-100 big&#8220; css=&#8220;.vc_custom_1698504435238{margin-top: 100px !important;}&#8220;]<\/p>\n<h1 style=\"text-align: left;\">AGB<\/h1>\n<p>[\/vc_column_text][vc_row_inner el_class=&#8220;job-description ml-100 mmr-white legal_text_wrap&#8220; css=&#8220;.vc_custom_1624814622694{margin-top: 20px !important;margin-bottom: 50px !important;}&#8220;][vc_column_inner css=&#8220;.vc_custom_1618477677083{padding-left: 10px !important;}&#8220;][vc_column_text]<\/p>\n<p style=\"font-weight: 400;\"><strong>Allgemeine Gesch\u00e4ftsbedingungen der MMR Media GmbH f\u00fcr den Vertrieb von Werbemitteln <\/strong><\/p>\n<p style=\"font-weight: 400;\"><strong>\u00a0<\/strong><\/p>\n<ol>\n<li><strong>Gegenstand der AGB, Vertragspartner<\/strong>\n<ul>\n<li>Diese Allgemeinen Gesch\u00e4ftsbedingungen regeln die Ver\u00f6ffentlichung und Ausstrahlung von Werbung (im Folgenden \u201eWerbemittel\u201c genannt) auf Werbetr\u00e4gern der MMR Media GmbH gegen Entgelt. Vertragspartner ist die MMR Media GmbH, Zollstockg\u00fcrtel 65, 50960 K\u00f6ln (im Folgenden: \u201eMMR\u201c) und der Werbekunde bzw. eine vom Werbekunden beauftragte Agentur\/Werbemittlerin (Werbekunde und vom Werbekunden beauftragte Agentur\/Werbemittlerin im Folgenden soweit nicht ausdr\u00fccklich differenziert \u201eAuftraggeber\u201c oder \u201eKunde\u201c genannt).<\/li>\n<li>Leistungen der MMR Media GmbH (\u201eMMR\u201c) erfolgen ausschlie\u00dflich zu den nachfolgenden Bedingungen (\u201eAGB\u201c).<\/li>\n<li>Ein Schweigen der MMR auf anderslautende Bestimmungen des Auftraggebers ist nicht als Einverst\u00e4ndnis mit dessen Bedingungen anzusehen; deren Geltung wird widersprochen. Jede Abweichung von den AGB der MMR Media GmbH gilt als Ablehnung des Auftrags, eine dennoch \u2013 auch unter Vorbehalt \u2013 erfolgte Entgegennahme einer Leistung als Einverst\u00e4ndnis mit den AGB der MMR.<\/li>\n<li>Von diesen AGB abweichende Bestimmungen bed\u00fcrfen der schriftlichen Best\u00e4tigung.<\/li>\n<\/ul>\n<\/li>\n<\/ol>\n<ol start=\"2\">\n<li><strong>Vertragsschluss<\/strong>\n<ul>\n<li>Der Vertrag u\u0308ber die Vero\u0308ffentlichung von Werbemitteln auf Werbetra\u0308gern zwischen dem Auftraggeber und der MMR Media GmbH (im Folgenden: \u201eWerbevertrag\u201c) kommt infolge des unverbindlichen und freibleibenden Angebotes der MMR Media GmbH aufgrund einer Buchungsanfrage (Auftragsangebot) des Auftraggebers und deren ausdru\u0308cklichen Auftragsannahme (E-Mail ausreichend) durch MMR zustande.<\/li>\n<\/ul>\n<\/li>\n<\/ol>\n<ul>\n<li style=\"list-style-type: none;\">\n<ul>\n<li>Auftragsangebote fu\u0308r Werbepla\u0308tze auf Werbetra\u0308gern, die von MMR in der Pr\u00e4sentation angezeigt werden, sind ebenfalls freibleibend und stellen lediglich unverbindliche Angebote dar.<\/li>\n<li>Der Auftraggeber hat in der Buchungsanfrage die zu bewerbende Produktgruppe anzugeben.<\/li>\n<li>Ist der Auftraggeber eine Agentur\/Werbemittlerin, so ist in der Buchungsanfrage zudem der Name des Werbekunden zu nennen. Die Agentur\/Werbemittlerin tritt ihre Anspru\u0308che gegen den Werbekunden aus dem mit diesem abgeschlossenen Vertrag mit Abschluss des vorliegenden Werbevertrages an die MMR Media GmbH ab, soweit die Anspru\u0308che Gegenstand dieses Werbevertrages sind. Die MMR Media GmbH nimmt die Abtretung hiermit an (Sicherungsabtretung). Die MMR Media GmbH ist berechtigt, die Abtretung dem Werbekunden gegenu\u0308ber offen zu legen, sofern die Agentur\/Werbemittlerin mit der ihr obliegenden Zahlungsverpflichtung in Verzug gera\u0308t.<\/li>\n<\/ul>\n<\/li>\n<\/ul>\n<ol start=\"3\">\n<li><strong>Laufzeit<\/strong>\n<ul>\n<li>Der Werbevertrag endet mit dem Ablauf der im Angebot der MMR Media GmbH genannten Ausstrahlungszeit automatisch, ohne dass es einer Ku\u0308ndigung bedarf.<\/li>\n<\/ul>\n<\/li>\n<\/ol>\n<ol start=\"4\">\n<li><strong>Werbemittel<\/strong>\n<ul>\n<li>Die Werbeinhalte bzw. Werbespots (\u201eWerbemittel\u201c) sind vom Kunden im vorgegebenen Format und der vorgegebenen Qualita\u0308t zu liefern. Die Kosten fu\u0308r die Produktion des Werbemittels tra\u0308gt der Auftraggeber. Der Auftraggeber hat MMR die Werbemittel verbindlich zur vertragsgema\u0308\u00dfen o\u0308ffentlichen Wiedergabe zur Verfu\u0308gung zu stellen. Die Formatanforderungen inklusive Template, werden dem Auftraggeber mitgeteilt. Die MMR u\u0308bermittelten Werbemittel werden erst Vertragsinhalt, wenn diese von MMR nach unverbindlicher Pru\u0308fung freigegeben wurden. Sie gelten als freigegeben, wenn MMR nicht innerhalb von 4 Tagen nach Erhalt die Freigabe verweigert oder einer Nutzung widerspricht. Eine A\u0308nderung der Werbemittel bedarf der ausdru\u0308cklichen Genehmigung durch MMR. Motivwechsel wa\u0308hrend der Vertragslaufzeit bedu\u0308rfen einer gesonderten Beauftragung und\/oder ausdru\u0308cklichen Erga\u0308nzung des Vertrages, soweit im Auftrag nichts anderes vereinbart wurde.<\/li>\n<li>Die Anlieferung und\/oder Online-Bereitstellung und Freigabe durch MMR des Werbemittels hat spa\u0308testens 3 Werktage vor Startdatum zu erfolgen. Kann die MMR Media GmbH den Auftrag nicht oder nicht fristgema\u0308\u00df durchfu\u0308hren, weil das Werbemittel nicht oder verspa\u0308tet oder nicht in dem erforderlichen Format oder der erforderlichen Anzahl geliefert worden ist, so entbindet dies den Auftraggeber nicht von seiner Zahlungsverpflichtung, wobei sich die MMR Media GmbH ersparte Aufwendungen anrechnen la\u0308sst.<\/li>\n<li>Stellt der Auftraggeber das Werbemittel noch vor Ablauf der vereinbarten Werbekampagne zur Verfu\u0308gung, wird sich die MMR Media GmbH um deren Schaltung, ggf. fu\u0308r einen verku\u0308rzten Zeitraum, bemu\u0308hen, ohne dass hierauf ein Anspruch des Auftraggebers besteht. Im Falle der Durchfu\u0308hrung ist der Auftraggeber der MMR Media GmbH zur Zahlung des durch die verspa\u0308tete oder nicht formatgema\u0308\u00dfe oder zu geringe Anlieferung entstandenen Sonderaufwandes verpflichtet. Lehnt der Auftraggeber die Durchfu\u0308hrung gegen Zahlung des Sonderaufwandes ab, bleibt er gleichwohl zur Zahlung der vereinbarten Vergu\u0308tung verpflichtet. Die MMR Media GmbH erhebt als Sonderaufwand eine Pauschalgebu\u0308hr in Ho\u0308he von 5% vom Bruttoauftragswert. Der Bruttoauftragswert wird in diesem Zusammenhang definiert als der Wert vor der Gewa\u0308hrung von Rabatten. Fu\u0308r erforderliche Anpassungen des Werbematerials erhebt die MMR Media GmbH zudem Zusatzkosten in Ho\u0308he von EUR 150,00 zzgl. MwSt. pro Stunde. Die MMR Media GmbH wird dem Auftraggeber den kalkulierten Sonderaufwand zur Zustimmung mitteilen.<\/li>\n<li>Der Auftraggeber ist verpflichtet, Sicherheitskopien der an MMR u\u0308bermittelten Werbemittel herzustellen. Werbemittel, die MMR elektronisch u\u0308bermittelt wurden (Upload, E-Mail, etc.) werden von MMR auf Anfordern des Kunden oder nach freiem Ermessen von MMR nach Erfu\u0308llung des Auftrages gelo\u0308scht. Wurden die Werbemittel MMR auf einem Medientra\u0308ger u\u0308berlassen, sendet MMR Media GmbH die u\u0308bermittelten und genehmigten Werbemittel auf Kosten und Gefahr des Auftraggebers an diesen zuru\u0308ck, sofern der Auftraggeber MMR hierzu noch vor Beginn der Ausstrahlung schriftlich (E-Mail ausreichend) aufgefordert hat. Andernfalls ist die MMR Media GmbH berechtigt, die Werbemittel nebst Medientra\u0308ger drei Monate nach erfolgter Ausstrahlung zu vernichten.<\/li>\n<\/ul>\n<\/li>\n<\/ol>\n<ol start=\"5\">\n<li><strong>Nutzungsrechte<\/strong>\n<ul>\n<li>Der Auftraggeber ra\u0308umt MMR mit Abschluss des Vertrages sa\u0308mtliche fu\u0308r die vertragsgegensta\u0308ndliche Ausstrahlung und Wiedergabe der Werbemittel erforderlichen urheberrechtlichen, markenrechtlichen und sonstigen Nutzungsrechte, insbesondere die Rechte zur Vervielfa\u0308ltigung, o\u0308ffentlichen Wiedergabe, Vorfu\u0308hrung und Archivierung an den u\u0308bermittelten Inhalten ein. Der Auftraggeber garantiert, dass er u\u0308ber die vorgenannten Rechte verfu\u0308gt und zu deren vertragsgema\u0308\u00dfer Nutzung, U\u0308bertragung und U\u0308bermittlung frei von Rechten Dritter berechtigt ist. Die vorgenannten Bestimmungen gelten auch fu\u0308r Werbemittel, die die MMR Media GmbH auf Wunsch des Auftraggebers entwirft oder gestaltet, soweit die MMR Media GmbH nach den Vorgaben des Auftraggebers gehandelt hat.<\/li>\n<li>Der Auftraggeber ra\u0308umt der MMR Media GmbH ferner das Recht ein, die gelieferten Werbemittel fu\u0308r eigene Werbezwecke, insbesondere im Rahmen der Berichterstattung u\u0308ber das Media- Angebot der MMR Media GmbH, unentgeltlich zu nutzen. Die MMR Media GmbH ist berechtigt, den Auftraggeber als Referenzkunden zu benennen.<\/li>\n<\/ul>\n<\/li>\n<\/ol>\n<ol start=\"6\">\n<li><strong>Inhalte der Werbemittel\/Wettbewerbsschutz<\/strong>\n<ul>\n<li>Der Auftraggeber garantiert, dass die Werbemittel und die gelieferten Vorlagen weder jugendgefa\u0308hrdend noch diskriminierend sind und auch gegen keine Werbeverbote oder sonstigen gesetzlichen Verbote oder beho\u0308rdliche Anordnungen und Genehmigungen versto\u00dfen. Werbemittel, die gegen diese Bestimmungen versto\u00dfen, werden vom Auftragnehmer abgewiesen bzw. nicht ausgestrahlt.<\/li>\n<li>Die Art der Ausspielung (Standbild, Cinemagramm, Animation, Video) ist standortabha\u0308ngig und an gesetzliche Genehmigungen gebunden und kann sich auch wa\u0308hrend der Vertragslaufzeit vera\u0308ndern. Sollten sich entsprechende Genehmigungen wa\u0308hrend der Vertragslaufzeit a\u0308ndern, ist der Auftraggeber verpflichtet, die Art der Ausspielung fu\u0308r MMR unentgeltlich anzupassen. Soweit nichts anderes vereinbart ist, bezieht sich die Verpflichtung der MMR zur o\u0308ffentlichen Wiedergabe der Werbeinhalte auf einem Werbetra\u0308ger am jeweiligen Standort. Befinden sich an einem Standort mehrere Werbetra\u0308ger, ist MMR vorbehaltlich anderer Vereinbarung nach freiem Ermessen zur Auswahl und zum Wechsel der Werbetra\u0308ger zur Ausspielung der Werbeinhalte befugt.<\/li>\n<li>Die MMR Media GmbH sichert den Ausschluss von Wettbewerbern des Auftraggebers nicht zu. Die MMR Media GmbH wird aber nach Mo\u0308glichkeit Werbung von Wettbewerbern nicht unmittelbar aufeinanderfolgend platzieren oder ausstrahlen.<\/li>\n<\/ul>\n<\/li>\n<\/ol>\n<ol start=\"7\">\n<li><strong>Vertragsst\u00f6rungen<\/strong>\n<ul>\n<li>Der Auftraggeber kann bis 90 Tage vor Schaltungsbeginn durch schriftliche Erkla\u0308rung von dem Vertrag zuru\u0308cktreten. Bei einem Ru\u0308cktritt von weniger als 90 Tagen vor Schaltungsbeginn ist die MMR Media GmbH berechtigt eine pauschale Entscha\u0308digung zu verlangen. Diese Entscha\u0308digung betra\u0308gt bei einem Ru\u0308cktritt bis 60 Tage vor Schaltungsbeginn 50%, bei einem Ru\u0308cktritt bis 30 Tage vor Schaltungsbeginn 80%, und danach 100% der gebuchten Brutto- Medialeistung. Dem Auftraggeber bleibt der Nachweis eines geringen Schadens vorbehalten. Der Entscha\u0308digungsbetrag erma\u0308\u00dfigt sich dann entsprechend. Zusa\u0308tzlich hat der Kunde die zum Zeitpunkt des Ru\u0308cktritts bereits angefallenen Kosten (z.B. Produktionskosten) der MMR Media GmbH zu erstatten.<\/li>\n<li>Die MMR Media GmbH ist berechtigt, den vereinbarten Termin zur Schaltung des Werbemittels um eine angemessene Frist zu verschieben, sofern technische, betriebliche oder vertriebliche Gru\u0308nde in der Spha\u0308re von MMR eine Verschiebung erforderlich machen. In diesem Fall wird die MMR Media GmbH den Auftraggeber unverzu\u0308glich u\u0308ber die Verzo\u0308gerung informieren und ihm den voraussichtlichen Termin der Schaltung nennen. Der Werbevertrag verla\u0308ngert sich um den ausgefallenen Zeitraum, ohne dass es diesbezu\u0308glich einer weiteren Vereinbarung bedarf.<\/li>\n<li>Vertragsgegensta\u0308ndliche Leistungspflicht ist eine 95-prozentige Verfu\u0308gbarkeit der gebuchten Sendezeit, gerechnet auf die Gesamtdauer der Werbeleistung. Daru\u0308ber hinaus gehende Ausfallzeiten werden von der MMR Media GmbH nachgeleistet, soweit die MMR Media GmbH diese zu vertreten hat.<\/li>\n<\/ul>\n<\/li>\n<\/ol>\n<ol start=\"8\">\n<li><strong>Haftung<\/strong>\n<ul>\n<li>MMR haftet nicht fu\u0308r technische Sto\u0308rungen im Verantwortungsbereich Dritter oder Handlungen von Dritten. Bei technischen Sto\u0308rungen der Wiedergabe liegt ein Mangel nur vor, wenn dieser von MMR zu vertreten ist und die Wiedergabe im auftragsgegensta\u0308ndlichen Zeitraum fu\u0308r mehr als 90% eingeschra\u0308nkt ist. Schadensersatzanspru\u0308che wegen Pflichtverletzung bestehen nur bei Vorsatz und grober Fahrla\u0308ssigkeit der MMR Media GmbH. Eine Haftung fu\u0308r leichte Fahrla\u0308ssigkeit der MMR Media GmbH ist ausgeschlossen. Diese Einschra\u0308nkung gilt nicht fu\u0308r Scha\u0308den aus der Verletzung des Lebens, des Ko\u0308rpers oder der Gesundheit sowie bei der Verletzung wesentlicher Vertragspflichten. Gegenu\u0308ber Kaufleuten ist die Haftung fu\u0308r Sach- und Vermo\u0308gensscha\u0308den bei grober Fahrla\u0308ssigkeit auf den vertragstypischen vorhersehbaren Schaden begrenzt. Dies gilt auch bei leicht fahrla\u0308ssigen Pflichtverletzungen der gesetzlichen Vertreter oder Erfu\u0308llungsgehilfen von MMR. Die vorstehenden Haftungsbeschra\u0308nkungen gelten nicht bei Anspru\u0308chen des Auftraggebers aus Produkthaftung oder bei von MMR zurechenbar verursachten Personenscha\u0308den. Eine Haftung fu\u0308r mittelbare Scha\u0308den, insbesondere entgangenem Gewinn, ist ausgeschlossen.<\/li>\n<\/ul>\n<\/li>\n<\/ol>\n<ul>\n<li style=\"list-style-type: none;\">\n<ul>\n<li style=\"font-weight: 400;\">Die Gewa\u0308hrleistung ist zuna\u0308chst auf Beseitigung des Mangels durch Nachholung der Wiedergabe beschra\u0308nkt. Sollte die Beseitigung nicht erfolgen, kann der Auftraggeber Herabsetzung der Vergu\u0308tung oder Ru\u0308cktritt vom Vertrag wa\u0308hlen, soweit es sich nicht nur um einen geringfu\u0308gigen Mangel handelt.<\/li>\n<li style=\"font-weight: 400;\">Im Falle des Ru\u0308cktritts vom Vertrag steht dem Auftraggeber kein Schadensersatzanspruch wegen des Mangels zu. Der Schadensersatz ist begrenzt auf die Ho\u0308he der vereinbarten Vergu\u0308tung pro rata, soweit MMR den Mangel nicht arglistig verschwiegen hat.<\/li>\n<li style=\"font-weight: 400;\">Gewa\u0308hrleistungsrechte des Auftraggebers verja\u0308hren in 12 Monaten ab Vorliegen eines Mangels.<\/li>\n<li style=\"font-weight: 400;\">Bei leicht fahrla\u0308ssigen Pflichtverletzungen beschra\u0308nkt sich die Haftung von MMR auf den nach der Art des Auftrages vorhersehbaren, vertragstypischen, unmittelbaren Durchschnittsschaden. Gegenu\u0308ber Unternehmern haftet MMR bei leicht fahrla\u0308ssiger Verletzung unwesentlicher Vertragspflichten nicht.<\/li>\n<li>Die MMR Media GmbH ist berechtigt, von der vereinbarten Ausstrahlung der vom Auftraggeber gelieferten Werbemittel abzusehen, sofern technische Gru\u0308nde, ho\u0308here Gewalt, Streik, beho\u0308rdliche Anordnungen oder sonstige Umsta\u0308nde der Ausstrahlung entgegenstehen, die MMR nicht zu vertreten hat. In den vorgenannten Fa\u0308llen stehen dem Auftraggeber keine Anspru\u0308che gegen die MMR Media GmbH zu.<\/li>\n<li>Der Auftraggeber stellt die MMR Media GmbH von allen Anspru\u0308chen Dritter auf erstes Anfordern frei; dies betrifft insbesondere Anspru\u0308che wegen der Verletzung von Nutzungsrechten. Im Falle einer Inanspruchnahme durch Dritte stellt der Auftraggeber der MMR Media GmbH unverzu\u0308glich, wahrheitsgema\u0308\u00df und vollsta\u0308ndig alle Informationen zur Verfu\u0308gung, die fu\u0308r die Pru\u0308fung der Anspru\u0308che und Verteidigung erforderlich sind. Unbeschadet etwaiger weitergehender Schadensersatzanspru\u0308che erstattet der Auftraggeber der MMR Media GmbH die im Zusammenhang mit der Inanspruchnahme durch Dritte entstehenden angemessenen Aufwendungen und Kosten. Dies gilt insbesondere im Falle einer erforderlichen Rechtsverteidigung.<\/li>\n<\/ul>\n<\/li>\n<\/ul>\n<ol start=\"9\">\n<li><strong>Preise und Zahlungsbedingungen<\/strong>\n<ul>\n<li>Vergu\u0308tung und Nebenkosten sind grundsa\u0308tzlich Nettopreise zuzu\u0308glich gesetzlich anfallender Steuern und Abgaben. In den Preisen nicht enthalten sind ggf. anfallende urheber- bzw. leistungsschutzrechtliche Verg\u00fctungen, soweit diese in Ansehung der Werbeinhalte an Verwertungsgesellschaften zu zahlen sind. Sollte der Auftrag wegen technischer, rechtlicher oder sonstiger Gru\u0308nde nicht in vollem Umfange zur Ausfu\u0308hrung gelangen, wird pro rata temporis abgerechnet.<\/li>\n<li>Die Rechnungsstellung erfolgt entweder durch MMR oder durch die screenery GmbH, Gentzstra\u00dfe 4, 80796 M\u00fcnchen. Sofern nichts anderes vereinbart wurde, erfolgt diese mit der Auftragsbest\u00e4tigung.<\/li>\n<li>Der Rechnungsbetrag ist mittels \u00dcberweisung auf das in der Rechnung angegebene Konto zu zahlen. Er ist zwecks Planung und Disposition unmittelbar nach Erhalt der Rechnung zur Zahlung f\u00e4llig und muss sp\u00e4testens am siebten Tag nach Rechnungsdatum gutgeschrieben sein. Abweichende Bestimmungen bed\u00fcrfen der schriftlichen Best\u00e4tigung.<\/li>\n<\/ul>\n<\/li>\n<\/ol>\n<ul>\n<li style=\"list-style-type: none;\">\n<ul>\n<li>MMR Media GmbH &amp; screenery GmbH behalten sich vor, Rechnungen elektronisch an den Auftraggeber zu versenden.<\/li>\n<li>Ein Auftraggeber hat die Vergu\u0308tung rechtzeitig und vollsta\u0308ndig zu zahlen (Zahlungseingang), bevor die Werbeschaltung durchgefu\u0308hrt wird (Vorauszahlung).<\/li>\n<li>Bei begru\u0308ndeten Zweifeln an der Zahlungsfa\u0308higkeit des Auftraggebers ist die MMR Media GmbH berechtigt, die Durchfu\u0308hrung weiterer Werbeschaltungen \u2013 auch wa\u0308hrend der Laufzeit des Werbevertrages \u2013 ohne Ru\u0308cksicht auf ein urspru\u0308nglich vereinbartes Zahlungsziel von der Vorauszahlung des Betrages und von dem Ausgleich offenstehender Rechnungsbetra\u0308ge abha\u0308ngig zu machen, ohne dass hieraus dem Auftraggeber irgendwelche Anspru\u0308che gegen die MMR Media GmbH entstehen.<\/li>\n<li>Sofern von der MMR Media GmbH auf einen Rechnungsbetrag Skonto gewa\u0308hrt wird, so gilt dies nicht fu\u0308r solche Betra\u0308ge, die sich nicht auf die Medialeistung beziehen, sondern zusa\u0308tzlich im Rahmen einer Werbekampagne entstehen ko\u0308nnen (z. B. technische Kosten, Produktionskosten, grafische Dienstliestungen etc.). Diese Betra\u0308ge sind ohne Abzug von Skonto zahlbar.<\/li>\n<li>Ein Aufrechnungsrecht steht dem Auftraggeber nur zu, soweit seine Gegenforderung rechtskra\u0308ftig festgestellt oder unbestritten ist. Dem Auftraggeber steht die Geltendmachung eines Zuru\u0308ckbehaltungsrechtes nur wegen Gegenanspru\u0308chen aus diesem Vertragsverha\u0308ltnis zu.<\/li>\n<\/ul>\n<\/li>\n<\/ul>\n<ol start=\"10\">\n<li><strong>Sonstiges<\/strong>\n<ul>\n<li>\u00c4nderungen und Erg\u00e4nzungen der getroffenen Vereinbarungen bed\u00fcrfen zu ihrer Wirksamkeit der Schriftform; dies gilt auch f\u00fcr eine Abbedingung des Schriftformerfordernisses.<\/li>\n<li>M\u00fcndliche Nebenabreden haben keine G\u00fcltigkeit.<\/li>\n<li>Erf\u00fcllungsort ist K\u00f6ln, der Sitz der MMR.<\/li>\n<li>Es gilt deutsches Recht unter Ausschluss des Internationalen Privatrechts.<\/li>\n<li>Ausschlie\u00dflicher Gerichtsstand f\u00fcr alle Streitigkeiten aus oder im Zusammenhang mit diesen AGB und der Werbebuchung insgesamt ist \u2013 soweit nicht zwingende Bestimmungen entgegenstehen \u2013 K\u00f6ln.<\/li>\n<li>Sollten einzelne Regelungen dieser AGB unwirksam sein oder werden, wird dadurch die Wirksamkeit der \u00fcbrigen Regelungen nicht ber\u00fchrt. Die Vertragspartner verpflichten sich, eine unwirksame Regelung durch eine solche wirksame Regelung zu ersetzen, die in ihrem Regelungsgehalt dem wirtschaftlich gewollten Sinn und Zweck der unwirksamen Regelung m\u00f6glichst nahe kommt. Das gilt entsprechend bei L\u00fccken in den AGB.<\/li>\n<\/ul>\n<\/li>\n<\/ol>\n<p>&nbsp;<\/p>\n<p style=\"font-weight: 400;\"><strong>K\u00f6ln, im August 2024<\/strong><\/p>\n<p>[\/vc_column_text][\/vc_column_inner][\/vc_row_inner]<\/div><\/div><\/div><\/div>[\/vc_column][\/vc_row]<\/p>\n","protected":false},"excerpt":{"rendered":"<p>[vc_row el_class=&#8220;subpage-projekt mmr-fullpage job-subpage page-team&#8220; el_id=&#8220;project-subpage&#8220;][vc_column][\/vc_column][\/vc_row]<\/p>\n","protected":false},"author":1,"featured_media":0,"parent":0,"menu_order":0,"comment_status":"closed","ping_status":"closed","template":"subpages-template.php","meta":{"_vp_format_video_url":"","_vp_image_focal_point":[],"footnotes":""},"class_list":["post-4953","page","type-page","status-publish","hentry"],"yoast_head":"<!-- This site is optimized with the Yoast SEO plugin v24.2 - https:\/\/yoast.com\/wordpress\/plugins\/seo\/ -->\n<title>AGB - MMR Consulting<\/title>\n<meta name=\"robots\" content=\"index, follow, max-snippet:-1, max-image-preview:large, max-video-preview:-1\" \/>\n<link rel=\"canonical\" href=\"https:\/\/www.mmr-media.de\/consulting\/agb\/\" \/>\n<meta property=\"og:locale\" content=\"de_DE\" \/>\n<meta property=\"og:type\" content=\"article\" \/>\n<meta property=\"og:title\" content=\"AGB - MMR Consulting\" \/>\n<meta property=\"og:description\" content=\"[vc_row el_class=&#8220;subpage-projekt mmr-fullpage job-subpage page-team&#8220; el_id=&#8220;project-subpage&#8220;][vc_column][\/vc_column][\/vc_row]\" \/>\n<meta property=\"og:url\" content=\"https:\/\/www.mmr-media.de\/consulting\/agb\/\" \/>\n<meta property=\"og:site_name\" content=\"MMR Consulting\" \/>\n<meta property=\"article:modified_time\" content=\"2024-08-23T10:12:17+00:00\" \/>\n<meta name=\"twitter:card\" content=\"summary_large_image\" \/>\n<meta name=\"twitter:label1\" content=\"Gesch\u00e4tzte Lesezeit\" \/>\n\t<meta name=\"twitter:data1\" content=\"12\u00a0Minuten\" \/>\n<script type=\"application\/ld+json\" class=\"yoast-schema-graph\">{\"@context\":\"https:\/\/schema.org\",\"@graph\":[{\"@type\":\"WebPage\",\"@id\":\"https:\/\/www.mmr-media.de\/consulting\/agb\/\",\"url\":\"https:\/\/www.mmr-media.de\/consulting\/agb\/\",\"name\":\"AGB - MMR Consulting\",\"isPartOf\":{\"@id\":\"https:\/\/www.mmr-media.de\/consulting\/#website\"},\"datePublished\":\"2023-10-28T14:46:29+00:00\",\"dateModified\":\"2024-08-23T10:12:17+00:00\",\"breadcrumb\":{\"@id\":\"https:\/\/www.mmr-media.de\/consulting\/agb\/#breadcrumb\"},\"inLanguage\":\"de\",\"potentialAction\":[{\"@type\":\"ReadAction\",\"target\":[\"https:\/\/www.mmr-media.de\/consulting\/agb\/\"]}]},{\"@type\":\"BreadcrumbList\",\"@id\":\"https:\/\/www.mmr-media.de\/consulting\/agb\/#breadcrumb\",\"itemListElement\":[{\"@type\":\"ListItem\",\"position\":1,\"name\":\"Startseite\",\"item\":\"https:\/\/www.mmr-media.de\/consulting\/\"},{\"@type\":\"ListItem\",\"position\":2,\"name\":\"AGB\"}]},{\"@type\":\"WebSite\",\"@id\":\"https:\/\/www.mmr-media.de\/consulting\/#website\",\"url\":\"https:\/\/www.mmr-media.de\/consulting\/\",\"name\":\"MMR Consulting\",\"description\":\"Agentur f\u00fcr Sonderwerbeformen, Sponsoring, Game-Promotion, OnPack Promotion und Couponing\",\"potentialAction\":[{\"@type\":\"SearchAction\",\"target\":{\"@type\":\"EntryPoint\",\"urlTemplate\":\"https:\/\/www.mmr-media.de\/consulting\/?s={search_term_string}\"},\"query-input\":{\"@type\":\"PropertyValueSpecification\",\"valueRequired\":true,\"valueName\":\"search_term_string\"}}],\"inLanguage\":\"de\"}]}<\/script>\n<!-- \/ Yoast SEO plugin. -->","yoast_head_json":{"title":"AGB - MMR Consulting","robots":{"index":"index","follow":"follow","max-snippet":"max-snippet:-1","max-image-preview":"max-image-preview:large","max-video-preview":"max-video-preview:-1"},"canonical":"https:\/\/www.mmr-media.de\/consulting\/agb\/","og_locale":"de_DE","og_type":"article","og_title":"AGB - MMR Consulting","og_description":"[vc_row el_class=&#8220;subpage-projekt mmr-fullpage job-subpage page-team&#8220; el_id=&#8220;project-subpage&#8220;][vc_column][\/vc_column][\/vc_row]","og_url":"https:\/\/www.mmr-media.de\/consulting\/agb\/","og_site_name":"MMR Consulting","article_modified_time":"2024-08-23T10:12:17+00:00","twitter_card":"summary_large_image","twitter_misc":{"Gesch\u00e4tzte Lesezeit":"12\u00a0Minuten"},"schema":{"@context":"https:\/\/schema.org","@graph":[{"@type":"WebPage","@id":"https:\/\/www.mmr-media.de\/consulting\/agb\/","url":"https:\/\/www.mmr-media.de\/consulting\/agb\/","name":"AGB - MMR Consulting","isPartOf":{"@id":"https:\/\/www.mmr-media.de\/consulting\/#website"},"datePublished":"2023-10-28T14:46:29+00:00","dateModified":"2024-08-23T10:12:17+00:00","breadcrumb":{"@id":"https:\/\/www.mmr-media.de\/consulting\/agb\/#breadcrumb"},"inLanguage":"de","potentialAction":[{"@type":"ReadAction","target":["https:\/\/www.mmr-media.de\/consulting\/agb\/"]}]},{"@type":"BreadcrumbList","@id":"https:\/\/www.mmr-media.de\/consulting\/agb\/#breadcrumb","itemListElement":[{"@type":"ListItem","position":1,"name":"Startseite","item":"https:\/\/www.mmr-media.de\/consulting\/"},{"@type":"ListItem","position":2,"name":"AGB"}]},{"@type":"WebSite","@id":"https:\/\/www.mmr-media.de\/consulting\/#website","url":"https:\/\/www.mmr-media.de\/consulting\/","name":"MMR Consulting","description":"Agentur f\u00fcr Sonderwerbeformen, Sponsoring, Game-Promotion, OnPack Promotion und Couponing","potentialAction":[{"@type":"SearchAction","target":{"@type":"EntryPoint","urlTemplate":"https:\/\/www.mmr-media.de\/consulting\/?s={search_term_string}"},"query-input":{"@type":"PropertyValueSpecification","valueRequired":true,"valueName":"search_term_string"}}],"inLanguage":"de"}]}},"_links":{"self":[{"href":"https:\/\/www.mmr-media.de\/consulting\/wp-json\/wp\/v2\/pages\/4953","targetHints":{"allow":["GET"]}}],"collection":[{"href":"https:\/\/www.mmr-media.de\/consulting\/wp-json\/wp\/v2\/pages"}],"about":[{"href":"https:\/\/www.mmr-media.de\/consulting\/wp-json\/wp\/v2\/types\/page"}],"author":[{"embeddable":true,"href":"https:\/\/www.mmr-media.de\/consulting\/wp-json\/wp\/v2\/users\/1"}],"replies":[{"embeddable":true,"href":"https:\/\/www.mmr-media.de\/consulting\/wp-json\/wp\/v2\/comments?post=4953"}],"version-history":[{"count":3,"href":"https:\/\/www.mmr-media.de\/consulting\/wp-json\/wp\/v2\/pages\/4953\/revisions"}],"predecessor-version":[{"id":4962,"href":"https:\/\/www.mmr-media.de\/consulting\/wp-json\/wp\/v2\/pages\/4953\/revisions\/4962"}],"wp:attachment":[{"href":"https:\/\/www.mmr-media.de\/consulting\/wp-json\/wp\/v2\/media?parent=4953"}],"curies":[{"name":"wp","href":"https:\/\/api.w.org\/{rel}","templated":true}]}}