{"id":4615,"date":"2022-05-31T11:29:00","date_gmt":"2022-05-31T09:29:00","guid":{"rendered":"https:\/\/www.mmr-media.de\/consulting\/?page_id=4615"},"modified":"2023-05-12T09:51:09","modified_gmt":"2023-05-12T07:51:09","slug":"vertrieb-b2b","status":"publish","type":"page","link":"https:\/\/www.mmr-media.de\/consulting\/jobs\/vertrieb-b2b\/","title":{"rendered":"Vertrieb B2B in K\u00f6ln"},"content":{"rendered":"<p>[vc_row el_class=&#8220;subpage-projekt mmr-fullpage job-subpage page-team&#8220; el_id=&#8220;project-subpage&#8220;][vc_column]<style scoped><\/style><div  class=\"home_section_1 scroll_section mml-100 mmr-fullpage\"  data-bg-color=\"#215437\" style='' data-scroll=\"overflow\"><div class=\"section_inner_1\" style=\"height:100%;\"><div class=\"container\"><div class=\"row\">[vc_raw_html]JTNDZGl2JTIwY2xhc3MlM0QlMjJzbGlkZS1uYXYlMjIlM0UlMEElM0NhJTIwaHJlZiUzRCUyMiUyRmNvbnN1bHRpbmclMkZqb2JzJTJGJTIyJTNFJTNDaSUyMGNsYXNzJTNEJTIyZmElMjBmYS1hbmdsZS1sZWZ0JTIyJTNFJTNDJTJGaSUzRSUzQyUyRmElM0UlMEElM0MlMkZkaXYlM0U=[\/vc_raw_html][vc_column_text el_class=&#8220;mmr-white ml-100 big&#8220; css=&#8220;.vc_custom_1617196129601{margin-top: 100px !important;}&#8220;]<\/p>\n<h1 style=\"text-align: left;\">JOBS.<\/h1>\n<p>[\/vc_column_text][vc_row_inner el_class=&#8220;job-description ml-100 mmr-white&#8220; css=&#8220;.vc_custom_1617212210298{margin-top: 20px !important;margin-bottom: 50px !important;}&#8220;][vc_column_inner width=&#8220;1\/2&#8243; css=&#8220;.vc_custom_1618475664708{padding-right: 20px !important;}&#8220; el_id=&#8220;jobs_toggle_wrapper&#8220;][vc_column_text]Wir suchen f\u00fcr unser B\u00fcro ab sofort mehrere Mitarbeiter<\/p>\n<h2>VERTRIEBSSTARTER\/QUEREINSTEIGER<\/h2>\n<div class=\"page\" title=\"Page 1\">\n<div class=\"section\">\n<div class=\"layoutArea\">\n<div class=\"column\">\n<p>Was wir machen?<br \/>\n\u25b8 DOOH 2.0 Die weltweite Revolution im Bereich digital out of home Werbung!<br \/>\n\u25b8 Influencer Marketing &#8211; Artists und Talent Vermittlung<br \/>\n\u25b8 Werbemedien Broker in den Branchen POS, Food,Luftfahrt, Magazine, Verlage, Employer Branding. Retail, Online, Lifestyle Brands und Promotion.<\/p>\n<p>Partner wie Disney, Intel, Axel Springer, BMW, Daimler, MCDonalds, Playboy, Cosmopolitan, Eurowings vertrauen uns seit vielen Jahren, also tu Du es auch!<\/p>\n<\/div>\n<\/div>\n<\/div>\n<\/div>\n<p>[\/vc_column_text][vc_toggle title=&#8220;DEINE AUFGABEN&#8220; style=&#8220;arrow&#8220; size=&#8220;lg&#8220; el_class=&#8220;job-explanation&#8220; el_id=&#8220;jobs-aufgaben&#8220; css=&#8220;.vc_custom_1683877769288{margin-top: 30px !important;}&#8220;]<\/p>\n<ul>\n<li>Telefonische Ansprache attraktiver Neukunden aus der DACH Region<\/li>\n<li>Vertrieb eines exklusiven DOOH Produktes das es so in Europa noch nicht gibt!<\/li>\n<li>Du begeisterst neue Kunden f\u00fcr das Portfolio der MMR Media<\/li>\n<li>Erarbeitung von individuellen Produktl\u00f6sungen f\u00fcr den Kunden<\/li>\n<li>Verhandlung des Lizenzvertrages mit dem Kunden bis hin zur Unterschrift<\/li>\n<li>Eingenverantwortlicher Aufbau eines eigenen Kundenstammes<\/li>\n<li>Bestandskundenpflege und Ausbau<\/li>\n<\/ul>\n<p>[\/vc_toggle][vc_toggle title=&#8220;VORAUSSETZUNGEN&#8220; style=&#8220;arrow&#8220; size=&#8220;lg&#8220; el_class=&#8220;job-explanation&#8220; el_id=&#8220;jobs-profil&#8220;]<\/p>\n<div class=\"page\" title=\"Page 1\">\n<div class=\"section\">\n<div class=\"layoutArea\">\n<div class=\"column\">\n<p>Bist Du Macher statt Mitla\u0308ufer?<\/p>\n<p>Bist Du der Eine unter deinen Freunden, der die Gruppe tra\u0308gt?<\/p>\n<p>Bist Du der Chef im Team?<\/p>\n<p>Hast Du die besten Ideen fu\u0308r Dich und Euch?<\/p>\n<p>Dann bist Du hier genau richtig!<\/p>\n<p>Sei dein eigener Chef bei uns und profitiere trotzdem von unserer seit knapp 10 Jahren gewachse- nen Unternehmensstruktur und sa\u0308mtlichen Vorteilen bei der Nummer 1 der Branche!<\/p>\n<\/div>\n<\/div>\n<\/div>\n<\/div>\n<p>[\/vc_toggle][vc_toggle title=&#8220;WIR BIETEN&#8220; style=&#8220;arrow&#8220; size=&#8220;lg&#8220; el_class=&#8220;job-explanation&#8220; css=&#8220;.vc_custom_1683877773637{background-color: #ffffff !important;}&#8220; el_id=&#8220;jobs-offer&#8220;]<\/p>\n<ul>\n<li>Oberklasse bis Luxus Firmenwagen samt Tankkarte auch zur privaten Nutzung nach der Probezeit<\/li>\n<li>\u00dcberdurchschnittlich hohes Gehalt<\/li>\n<li>Ungedeckelte Provisionen \u201eSky is the limit\u201c<\/li>\n<li>Top Performer Incentive Club Reisen<\/li>\n<li>HomeOffice M\u00f6glichkeiten<\/li>\n<li>Repr\u00e4sentatives Loft B\u00fcro in der K\u00f6lner City<\/li>\n<li>Apple Arbeitsaustattung (iMac, iPhone, iPad)<\/li>\n<li>Playstation FIFA 23 Jour Fixes<\/li>\n<li>Lockere Arbeitsatmosph\u00e4re<\/li>\n<li>Gemeinsame Team Abende<\/li>\n<\/ul>\n<p>[\/vc_toggle][\/vc_column_inner][vc_column_inner el_class=&#8220;job_text_content_wrapper&#8220; width=&#8220;1\/2&#8243; css=&#8220;.vc_custom_1624808899309{padding-left: 20px !important;}&#8220;][vc_column_text css=&#8220;.vc_custom_1618403582758{margin-bottom: 20px !important;}&#8220;]<\/p>\n<h2 class=\"big-description\">\u00dcBER UNS<\/h2>\n<p>[\/vc_column_text][vc_column_text]Seit 5 Jahren ist die MMR Media GmbH aus K\u00f6ln die Nr. 1 in Europa im Bereich von Couponing und Gewinnspielen.<\/p>\n<p>Als Marktf\u00fchrer arbeiten wir jeden Tag daran, unsere Kooperationspartner und Kunden erfolgreich in Kampagnen zusammenzubringen um f\u00fcr beide Seiten einen Mehrwert zu schaffen. Wir stehen mit unseren Partnern in langj\u00e4hrigen und vertrauensvollen Gesch\u00e4ftsbeziehungen und haben dadurch die M\u00f6glichkeit, diese erfolgreichen Werbeformen exklusiv zu vermarkten.[\/vc_column_text][vc_column_text css=&#8220;.vc_custom_1618403599200{margin-top: 20px !important;margin-bottom: 20px !important;}&#8220; el_class=&#8220;apply&#8220;]<\/p>\n<h2 class=\"big-description\">INTERESSIERT?<\/h2>\n<p>[\/vc_column_text][vc_column_text css=&#8220;.vc_custom_1618403502394{margin-top: 20px !important;}&#8220; el_class=&#8220;apply&#8220;]Wir freuen uns auf Deine Bewerbung unter Angabe Deines fr\u00fchestm\u00f6glichen Eintrittsdatums und Deiner Gehaltsvorstellung, am liebsten per E-Mail an <a href=\"mailto:bewerbung@mmr-media.de\">bewerbung@mmr-media.de<\/a>[\/vc_column_text][vc_column_text css=&#8220;.vc_custom_1683877714721{margin-top: 20px !important;}&#8220; el_class=&#8220;apply&#8220;]<\/p>\n<p class=\"pdf_stellenanzeige_wrapper\"><i class=\"fa fa-file-pdf-o\" aria-hidden=\"true\"><\/i>\u00a0 <a style=\"text-decoration: underline;\" href=\"\/consulting\/wp-content\/uploads\/2023\/05\/230330_MMR-Media_Stellenanzeige_Vertrieb_NEU.pdf\" target=\"_blank\" rel=\"noopener\">Stellenanzeige<\/a><\/p>\n<p>[\/vc_column_text][vc_btn title=&#8220;Jetzt bewerben&#8220; style=&#8220;custom&#8220; custom_background=&#8220;#ffffff&#8220; custom_text=&#8220;#215437&#8243; shape=&#8220;square&#8220; css=&#8220;.vc_custom_1610727235137{margin-top: 20px !important;}&#8220; el_class=&#8220;job-btn&#8220; link=&#8220;url:mailto%3Abewerbung%40mmr-media.de|||&#8220;][\/vc_column_inner][\/vc_row_inner]<\/div><\/div><\/div><\/div>[\/vc_column][\/vc_row]<\/p>\n","protected":false},"excerpt":{"rendered":"<p>[vc_row el_class=&#8220;subpage-projekt mmr-fullpage job-subpage page-team&#8220; el_id=&#8220;project-subpage&#8220;][vc_column][\/vc_column][\/vc_row]<\/p>\n","protected":false},"author":1,"featured_media":0,"parent":3438,"menu_order":0,"comment_status":"closed","ping_status":"closed","template":"subpages-template.php","meta":{"_vp_format_video_url":"","_vp_image_focal_point":[],"footnotes":""},"class_list":["post-4615","page","type-page","status-publish","hentry"],"yoast_head":"<!-- This site is optimized with the Yoast SEO plugin v24.2 - https:\/\/yoast.com\/wordpress\/plugins\/seo\/ -->\n<title>Vertrieb B2B in K\u00f6ln - MMR Consulting<\/title>\n<meta name=\"robots\" content=\"index, follow, max-snippet:-1, max-image-preview:large, max-video-preview:-1\" \/>\n<link rel=\"canonical\" href=\"https:\/\/www.mmr-media.de\/consulting\/jobs\/vertrieb-b2b\/\" \/>\n<meta property=\"og:locale\" content=\"de_DE\" \/>\n<meta property=\"og:type\" content=\"article\" \/>\n<meta property=\"og:title\" content=\"Vertrieb B2B in K\u00f6ln - MMR Consulting\" \/>\n<meta property=\"og:description\" content=\"[vc_row el_class=&#8220;subpage-projekt mmr-fullpage job-subpage page-team&#8220; el_id=&#8220;project-subpage&#8220;][vc_column][\/vc_column][\/vc_row]\" \/>\n<meta property=\"og:url\" content=\"https:\/\/www.mmr-media.de\/consulting\/jobs\/vertrieb-b2b\/\" \/>\n<meta property=\"og:site_name\" content=\"MMR Consulting\" \/>\n<meta property=\"article:modified_time\" content=\"2023-05-12T07:51:09+00:00\" \/>\n<meta name=\"twitter:card\" content=\"summary_large_image\" \/>\n<meta name=\"twitter:label1\" content=\"Gesch\u00e4tzte Lesezeit\" \/>\n\t<meta name=\"twitter:data1\" content=\"3\u00a0Minuten\" \/>\n<script type=\"application\/ld+json\" class=\"yoast-schema-graph\">{\"@context\":\"https:\/\/schema.org\",\"@graph\":[{\"@type\":\"WebPage\",\"@id\":\"https:\/\/www.mmr-media.de\/consulting\/jobs\/vertrieb-b2b\/\",\"url\":\"https:\/\/www.mmr-media.de\/consulting\/jobs\/vertrieb-b2b\/\",\"name\":\"Vertrieb B2B in K\u00f6ln - MMR Consulting\",\"isPartOf\":{\"@id\":\"https:\/\/www.mmr-media.de\/consulting\/#website\"},\"datePublished\":\"2022-05-31T09:29:00+00:00\",\"dateModified\":\"2023-05-12T07:51:09+00:00\",\"breadcrumb\":{\"@id\":\"https:\/\/www.mmr-media.de\/consulting\/jobs\/vertrieb-b2b\/#breadcrumb\"},\"inLanguage\":\"de\",\"potentialAction\":[{\"@type\":\"ReadAction\",\"target\":[\"https:\/\/www.mmr-media.de\/consulting\/jobs\/vertrieb-b2b\/\"]}]},{\"@type\":\"BreadcrumbList\",\"@id\":\"https:\/\/www.mmr-media.de\/consulting\/jobs\/vertrieb-b2b\/#breadcrumb\",\"itemListElement\":[{\"@type\":\"ListItem\",\"position\":1,\"name\":\"Startseite\",\"item\":\"https:\/\/www.mmr-media.de\/consulting\/\"},{\"@type\":\"ListItem\",\"position\":2,\"name\":\"Jobs\",\"item\":\"https:\/\/www.mmr-media.de\/consulting\/jobs\/\"},{\"@type\":\"ListItem\",\"position\":3,\"name\":\"Vertrieb B2B in K\u00f6ln\"}]},{\"@type\":\"WebSite\",\"@id\":\"https:\/\/www.mmr-media.de\/consulting\/#website\",\"url\":\"https:\/\/www.mmr-media.de\/consulting\/\",\"name\":\"MMR Consulting\",\"description\":\"Agentur f\u00fcr Sonderwerbeformen, Sponsoring, Game-Promotion, OnPack Promotion und Couponing\",\"potentialAction\":[{\"@type\":\"SearchAction\",\"target\":{\"@type\":\"EntryPoint\",\"urlTemplate\":\"https:\/\/www.mmr-media.de\/consulting\/?s={search_term_string}\"},\"query-input\":{\"@type\":\"PropertyValueSpecification\",\"valueRequired\":true,\"valueName\":\"search_term_string\"}}],\"inLanguage\":\"de\"}]}<\/script>\n<!-- \/ Yoast SEO plugin. -->","yoast_head_json":{"title":"Vertrieb B2B in K\u00f6ln - MMR Consulting","robots":{"index":"index","follow":"follow","max-snippet":"max-snippet:-1","max-image-preview":"max-image-preview:large","max-video-preview":"max-video-preview:-1"},"canonical":"https:\/\/www.mmr-media.de\/consulting\/jobs\/vertrieb-b2b\/","og_locale":"de_DE","og_type":"article","og_title":"Vertrieb B2B in K\u00f6ln - MMR Consulting","og_description":"[vc_row el_class=&#8220;subpage-projekt mmr-fullpage job-subpage page-team&#8220; el_id=&#8220;project-subpage&#8220;][vc_column][\/vc_column][\/vc_row]","og_url":"https:\/\/www.mmr-media.de\/consulting\/jobs\/vertrieb-b2b\/","og_site_name":"MMR Consulting","article_modified_time":"2023-05-12T07:51:09+00:00","twitter_card":"summary_large_image","twitter_misc":{"Gesch\u00e4tzte Lesezeit":"3\u00a0Minuten"},"schema":{"@context":"https:\/\/schema.org","@graph":[{"@type":"WebPage","@id":"https:\/\/www.mmr-media.de\/consulting\/jobs\/vertrieb-b2b\/","url":"https:\/\/www.mmr-media.de\/consulting\/jobs\/vertrieb-b2b\/","name":"Vertrieb B2B in K\u00f6ln - MMR Consulting","isPartOf":{"@id":"https:\/\/www.mmr-media.de\/consulting\/#website"},"datePublished":"2022-05-31T09:29:00+00:00","dateModified":"2023-05-12T07:51:09+00:00","breadcrumb":{"@id":"https:\/\/www.mmr-media.de\/consulting\/jobs\/vertrieb-b2b\/#breadcrumb"},"inLanguage":"de","potentialAction":[{"@type":"ReadAction","target":["https:\/\/www.mmr-media.de\/consulting\/jobs\/vertrieb-b2b\/"]}]},{"@type":"BreadcrumbList","@id":"https:\/\/www.mmr-media.de\/consulting\/jobs\/vertrieb-b2b\/#breadcrumb","itemListElement":[{"@type":"ListItem","position":1,"name":"Startseite","item":"https:\/\/www.mmr-media.de\/consulting\/"},{"@type":"ListItem","position":2,"name":"Jobs","item":"https:\/\/www.mmr-media.de\/consulting\/jobs\/"},{"@type":"ListItem","position":3,"name":"Vertrieb B2B in K\u00f6ln"}]},{"@type":"WebSite","@id":"https:\/\/www.mmr-media.de\/consulting\/#website","url":"https:\/\/www.mmr-media.de\/consulting\/","name":"MMR Consulting","description":"Agentur f\u00fcr Sonderwerbeformen, Sponsoring, Game-Promotion, OnPack Promotion und Couponing","potentialAction":[{"@type":"SearchAction","target":{"@type":"EntryPoint","urlTemplate":"https:\/\/www.mmr-media.de\/consulting\/?s={search_term_string}"},"query-input":{"@type":"PropertyValueSpecification","valueRequired":true,"valueName":"search_term_string"}}],"inLanguage":"de"}]}},"_links":{"self":[{"href":"https:\/\/www.mmr-media.de\/consulting\/wp-json\/wp\/v2\/pages\/4615","targetHints":{"allow":["GET"]}}],"collection":[{"href":"https:\/\/www.mmr-media.de\/consulting\/wp-json\/wp\/v2\/pages"}],"about":[{"href":"https:\/\/www.mmr-media.de\/consulting\/wp-json\/wp\/v2\/types\/page"}],"author":[{"embeddable":true,"href":"https:\/\/www.mmr-media.de\/consulting\/wp-json\/wp\/v2\/users\/1"}],"replies":[{"embeddable":true,"href":"https:\/\/www.mmr-media.de\/consulting\/wp-json\/wp\/v2\/comments?post=4615"}],"version-history":[{"count":0,"href":"https:\/\/www.mmr-media.de\/consulting\/wp-json\/wp\/v2\/pages\/4615\/revisions"}],"up":[{"embeddable":true,"href":"https:\/\/www.mmr-media.de\/consulting\/wp-json\/wp\/v2\/pages\/3438"}],"wp:attachment":[{"href":"https:\/\/www.mmr-media.de\/consulting\/wp-json\/wp\/v2\/media?parent=4615"}],"curies":[{"name":"wp","href":"https:\/\/api.w.org\/{rel}","templated":true}]}}